{"id":53245,"date":"2026-04-23T00:33:29","date_gmt":"2026-04-22T21:33:29","guid":{"rendered":"https:\/\/rezekne.citro.lv\/veikals\/kecups-tomatu-heinz-460g\/"},"modified":"2026-04-23T00:33:34","modified_gmt":"2026-04-22T21:33:34","slug":"kecups-tomatu-heinz-460g","status":"publish","type":"product","link":"https:\/\/rezekne.citro.lv\/ru\/product\/kecups-tomatu-heinz-460g\/","title":{"rendered":"KE\u010cUPS TOM\u0100TU HEINZ 460G"},"content":{"rendered":"<p>Izcelsmes valsts: N\u012bderlande<\/p>\n","protected":false},"excerpt":{"rendered":"<p>9.54 \u20ac\/KG<\/p>\n","protected":false},"featured_media":53294,"template":"","meta":{"_acf_changed":false,"inline_featured_image":false},"product_cat":[116,533],"product_tag":[],"acf":[],"aioseo_notices":[],"_links":{"self":[{"href":"https:\/\/rezekne.citro.lv\/ru\/wp-json\/wp\/v2\/product\/53245"}],"collection":[{"href":"https:\/\/rezekne.citro.lv\/ru\/wp-json\/wp\/v2\/product"}],"about":[{"href":"https:\/\/rezekne.citro.lv\/ru\/wp-json\/wp\/v2\/types\/product"}],"wp:featuredmedia":[{"embeddable":true,"href":"https:\/\/rezekne.citro.lv\/ru\/wp-json\/wp\/v2\/media\/53294"}],"wp:attachment":[{"href":"https:\/\/rezekne.citro.lv\/ru\/wp-json\/wp\/v2\/media?parent=53245"}],"wp:term":[{"taxonomy":"product_cat","embeddable":true,"href":"https:\/\/rezekne.citro.lv\/ru\/wp-json\/wp\/v2\/product_cat?post=53245"},{"taxonomy":"product_tag","embeddable":true,"href":"https:\/\/rezekne.citro.lv\/ru\/wp-json\/wp\/v2\/product_tag?post=53245"}],"curies":[{"name":"wp","href":"https:\/\/api.w.org\/{rel}","templated":true}]}}