{"id":53253,"date":"2023-02-02T00:34:50","date_gmt":"2023-02-01T22:34:50","guid":{"rendered":"https:\/\/rezekne.citro.lv\/veikals\/zekubikses-bernu-140-146-kokvilnas-tumsas-ar-dizainu\/"},"modified":"2023-02-02T00:34:50","modified_gmt":"2023-02-01T22:34:50","slug":"zekubikses-bernu-140-146-kokvilnas-tumsas-ar-dizainu","status":"publish","type":"product","link":"https:\/\/rezekne.citro.lv\/ru\/product\/zekubikses-bernu-140-146-kokvilnas-tumsas-ar-dizainu\/","title":{"rendered":"ZE\u0136UBIKSES B\u0112RNU 140-146 KOKVILNAS TUM\u0160AS AR DIZAINU"},"content":{"rendered":"","protected":false},"excerpt":{"rendered":"","protected":false},"featured_media":53302,"template":"","meta":{"_acf_changed":false,"inline_featured_image":false},"product_cat":[131,367],"product_tag":[],"acf":[],"aioseo_notices":[],"_links":{"self":[{"href":"https:\/\/rezekne.citro.lv\/ru\/wp-json\/wp\/v2\/product\/53253"}],"collection":[{"href":"https:\/\/rezekne.citro.lv\/ru\/wp-json\/wp\/v2\/product"}],"about":[{"href":"https:\/\/rezekne.citro.lv\/ru\/wp-json\/wp\/v2\/types\/product"}],"wp:featuredmedia":[{"embeddable":true,"href":"https:\/\/rezekne.citro.lv\/ru\/wp-json\/wp\/v2\/media\/53302"}],"wp:attachment":[{"href":"https:\/\/rezekne.citro.lv\/ru\/wp-json\/wp\/v2\/media?parent=53253"}],"wp:term":[{"taxonomy":"product_cat","embeddable":true,"href":"https:\/\/rezekne.citro.lv\/ru\/wp-json\/wp\/v2\/product_cat?post=53253"},{"taxonomy":"product_tag","embeddable":true,"href":"https:\/\/rezekne.citro.lv\/ru\/wp-json\/wp\/v2\/product_tag?post=53253"}],"curies":[{"name":"wp","href":"https:\/\/api.w.org\/{rel}","templated":true}]}}