{"id":53255,"date":"2026-04-17T00:05:08","date_gmt":"2026-04-16T21:05:08","guid":{"rendered":"https:\/\/rezekne.citro.lv\/veikals\/tual-papirs-grite-family-deco-16-rulli\/"},"modified":"2026-04-19T06:04:11","modified_gmt":"2026-04-19T03:04:11","slug":"tual-papirs-grite-family-deco-16-rulli","status":"publish","type":"product","link":"https:\/\/rezekne.citro.lv\/ru\/product\/tual-papirs-grite-family-deco-16-rulli\/","title":{"rendered":"TUAL.PAP\u012aRS GRITE FAMILY DECO 16 RU\u013b\u013bI"},"content":{"rendered":"<p>Izcelsmes valsts: Lietuva<\/p>\n","protected":false},"excerpt":{"rendered":"<p>0.25 \u20ac\/GAB<\/p>\n","protected":false},"featured_media":53303,"template":"","meta":{"_acf_changed":false,"inline_featured_image":false},"product_cat":[131,163],"product_tag":[],"acf":[],"aioseo_notices":[],"_links":{"self":[{"href":"https:\/\/rezekne.citro.lv\/ru\/wp-json\/wp\/v2\/product\/53255"}],"collection":[{"href":"https:\/\/rezekne.citro.lv\/ru\/wp-json\/wp\/v2\/product"}],"about":[{"href":"https:\/\/rezekne.citro.lv\/ru\/wp-json\/wp\/v2\/types\/product"}],"wp:featuredmedia":[{"embeddable":true,"href":"https:\/\/rezekne.citro.lv\/ru\/wp-json\/wp\/v2\/media\/53303"}],"wp:attachment":[{"href":"https:\/\/rezekne.citro.lv\/ru\/wp-json\/wp\/v2\/media?parent=53255"}],"wp:term":[{"taxonomy":"product_cat","embeddable":true,"href":"https:\/\/rezekne.citro.lv\/ru\/wp-json\/wp\/v2\/product_cat?post=53255"},{"taxonomy":"product_tag","embeddable":true,"href":"https:\/\/rezekne.citro.lv\/ru\/wp-json\/wp\/v2\/product_tag?post=53255"}],"curies":[{"name":"wp","href":"https:\/\/api.w.org\/{rel}","templated":true}]}}