{"id":53264,"date":"2024-11-07T00:42:08","date_gmt":"2024-11-06T22:42:08","guid":{"rendered":"https:\/\/rezekne.citro.lv\/veikals\/zekubikses-bernu-140-146-kokvilnas-gaisas-ar-dizainu\/"},"modified":"2024-11-07T00:42:08","modified_gmt":"2024-11-06T22:42:08","slug":"zekubikses-bernu-140-146-kokvilnas-gaisas-ar-dizainu","status":"publish","type":"product","link":"https:\/\/rezekne.citro.lv\/ru\/product\/zekubikses-bernu-140-146-kokvilnas-gaisas-ar-dizainu\/","title":{"rendered":"ZE\u0136UBIKSES B\u0112RNU 140-146 KOKVILNAS GAI\u0160AS AR DIZAINU"},"content":{"rendered":"","protected":false},"excerpt":{"rendered":"","protected":false},"featured_media":53753,"template":"","meta":{"_acf_changed":false,"inline_featured_image":false},"product_cat":[131,367],"product_tag":[],"acf":[],"aioseo_notices":[],"_links":{"self":[{"href":"https:\/\/rezekne.citro.lv\/ru\/wp-json\/wp\/v2\/product\/53264"}],"collection":[{"href":"https:\/\/rezekne.citro.lv\/ru\/wp-json\/wp\/v2\/product"}],"about":[{"href":"https:\/\/rezekne.citro.lv\/ru\/wp-json\/wp\/v2\/types\/product"}],"wp:featuredmedia":[{"embeddable":true,"href":"https:\/\/rezekne.citro.lv\/ru\/wp-json\/wp\/v2\/media\/53753"}],"wp:attachment":[{"href":"https:\/\/rezekne.citro.lv\/ru\/wp-json\/wp\/v2\/media?parent=53264"}],"wp:term":[{"taxonomy":"product_cat","embeddable":true,"href":"https:\/\/rezekne.citro.lv\/ru\/wp-json\/wp\/v2\/product_cat?post=53264"},{"taxonomy":"product_tag","embeddable":true,"href":"https:\/\/rezekne.citro.lv\/ru\/wp-json\/wp\/v2\/product_tag?post=53264"}],"curies":[{"name":"wp","href":"https:\/\/api.w.org\/{rel}","templated":true}]}}