{"id":53270,"date":"2026-03-26T00:05:12","date_gmt":"2026-03-25T22:05:12","guid":{"rendered":"https:\/\/rezekne.citro.lv\/veikals\/konfektes-fortuna-sokolades-kg\/"},"modified":"2026-04-06T06:00:43","modified_gmt":"2026-04-06T03:00:43","slug":"konfektes-fortuna-sokolades-kg","status":"publish","type":"product","link":"https:\/\/rezekne.citro.lv\/ru\/product\/konfektes-fortuna-sokolades-kg\/","title":{"rendered":"KONFEKTES FORT\u016aNA \u0160OKOL\u0100DES KG"},"content":{"rendered":"<p>Izcelsmes valsts: Lietuva<br \/>Sast\u0101vda\u013cas:cukurs,da\u013c\u0113ji hidrogen\u0113ti augu tauki (da\u017e\u0101d\u0101s proporcijas:palmu,rafin\u0113ti sojas pupi\u0146u,\u0161\u012b koka),vafe\u013cu pl\u0101ksnes un smalcin\u0101tas vafeles (KVIE\u0160U MILTI,\u016bdens,rap\u0161u e\u013c\u013ca,),kakao pulveris ar samzin\u0101tu tauku saturu,S\u016aKALU PULVERIS,aromatiz\u0113t\u0101ji,s\u0101ls,emulgators:SOJAS LECIT\u012aNI,sk\u0101buma regul\u0113t\u0101js:citronsk\u0101be,\u016bdens.Var satur\u0113t LAZDU RIEKSTUS,MANDELES,INDIJAS RIEKSTUS,ZEMESRIEKSTUS un citus RIEKSTUS.<\/p>\n","protected":false},"excerpt":{"rendered":"<p>7.99 \u20ac\/KG<\/p>\n","protected":false},"featured_media":66697,"template":"","meta":{"_acf_changed":false,"inline_featured_image":false},"product_cat":[125,201],"product_tag":[],"acf":[],"aioseo_notices":[],"_links":{"self":[{"href":"https:\/\/rezekne.citro.lv\/ru\/wp-json\/wp\/v2\/product\/53270"}],"collection":[{"href":"https:\/\/rezekne.citro.lv\/ru\/wp-json\/wp\/v2\/product"}],"about":[{"href":"https:\/\/rezekne.citro.lv\/ru\/wp-json\/wp\/v2\/types\/product"}],"wp:featuredmedia":[{"embeddable":true,"href":"https:\/\/rezekne.citro.lv\/ru\/wp-json\/wp\/v2\/media\/66697"}],"wp:attachment":[{"href":"https:\/\/rezekne.citro.lv\/ru\/wp-json\/wp\/v2\/media?parent=53270"}],"wp:term":[{"taxonomy":"product_cat","embeddable":true,"href":"https:\/\/rezekne.citro.lv\/ru\/wp-json\/wp\/v2\/product_cat?post=53270"},{"taxonomy":"product_tag","embeddable":true,"href":"https:\/\/rezekne.citro.lv\/ru\/wp-json\/wp\/v2\/product_tag?post=53270"}],"curies":[{"name":"wp","href":"https:\/\/api.w.org\/{rel}","templated":true}]}}