{"id":53514,"date":"2026-04-09T00:06:18","date_gmt":"2026-04-08T21:06:18","guid":{"rendered":"https:\/\/rezekne.citro.lv\/veikals\/merce-7-darza-zalumu-rundale-420g\/"},"modified":"2026-05-09T06:24:51","modified_gmt":"2026-05-09T03:24:51","slug":"merce-7-darza-zalumu-rundale-420g","status":"publish","type":"product","link":"https:\/\/rezekne.citro.lv\/ru\/product\/merce-7-darza-zalumu-rundale-420g\/","title":{"rendered":"M\u0112RCE 7 D\u0100RZA ZA\u013bUMU RUND\u0100LE 420G"},"content":{"rendered":"<p>Izcelsmes valsts: Latvija<\/p>\n","protected":false},"excerpt":{"rendered":"<p>4.26 \u20ac\/KG<\/p>\n","protected":false},"featured_media":53550,"template":"","meta":{"_acf_changed":false,"inline_featured_image":false},"product_cat":[116,208],"product_tag":[],"acf":[],"aioseo_notices":[],"_links":{"self":[{"href":"https:\/\/rezekne.citro.lv\/ru\/wp-json\/wp\/v2\/product\/53514"}],"collection":[{"href":"https:\/\/rezekne.citro.lv\/ru\/wp-json\/wp\/v2\/product"}],"about":[{"href":"https:\/\/rezekne.citro.lv\/ru\/wp-json\/wp\/v2\/types\/product"}],"wp:featuredmedia":[{"embeddable":true,"href":"https:\/\/rezekne.citro.lv\/ru\/wp-json\/wp\/v2\/media\/53550"}],"wp:attachment":[{"href":"https:\/\/rezekne.citro.lv\/ru\/wp-json\/wp\/v2\/media?parent=53514"}],"wp:term":[{"taxonomy":"product_cat","embeddable":true,"href":"https:\/\/rezekne.citro.lv\/ru\/wp-json\/wp\/v2\/product_cat?post=53514"},{"taxonomy":"product_tag","embeddable":true,"href":"https:\/\/rezekne.citro.lv\/ru\/wp-json\/wp\/v2\/product_tag?post=53514"}],"curies":[{"name":"wp","href":"https:\/\/api.w.org\/{rel}","templated":true}]}}