{"id":53519,"date":"2026-04-23T00:06:31","date_gmt":"2026-04-22T21:06:31","guid":{"rendered":"https:\/\/rezekne.citro.lv\/veikals\/konfektes-sokolades-nuts-kg\/"},"modified":"2026-05-01T06:01:42","modified_gmt":"2026-05-01T03:01:42","slug":"konfektes-sokolades-nuts-kg","status":"publish","type":"product","link":"https:\/\/rezekne.citro.lv\/ru\/product\/konfektes-sokolades-nuts-kg\/","title":{"rendered":"KONFEKTES \u0160OKOL\u0100DES NUTS KG"},"content":{"rendered":"<p>Izcelsmes valsts: Lietuva<br \/>Sast\u0101vda\u013cas:cukurs,da\u013c\u0113ji hidrat\u0113ti augu tauki(da\u017e\u0101das proporcij\u0101s:sojas pupi\u0146u,palmu),smalcin\u0101ti ZEMESRIEKSTI-21%,kakao pulveris ar samazin\u0101tu tauku saturu,PIENA s\u016bkalu perme\u0101ts,vafele(KVIE\u0160U milti,emulgators-SOJAS LECIT\u012aNS,irdin\u0101t\u0101js:E500,s\u0101ls),roz\u012bnes(saturSULF\u012aTUS),\u017e\u0101v\u0113tas dz\u0113rvenes(dz\u0113rvenes,cukurs,augu e\u013c\u013ca(saulespu\u0137u)),apels\u012bnu gabali\u0146i(\u0101bolu biezenis,apels\u012bnu sula-6%,fruktozes-glikozes s\u012brups,mitruma uztur\u0113t\u0101js,glicer\u012bns,kvie\u0161u \u0161\u0137iedras,cukurs,augu tauki(palmu),r\u012bsu ciete,biezin\u0101t\u0101js-pekt\u012bns,sk\u0101buma regul\u0113t\u0101js-citronsk\u0101be,dab\u012bgs aromatiz\u0113t\u0101js-apels\u012bnu,antioksidants-askorb\u012bnsk\u0101be,kr\u0101sviela-kurkum\u012bns),EMULGATORS SOJAS LECIT\u012aNIi,smalcin\u0101ti lazdu RIEKSTI-0,16%,smalcin\u0101tas MANDELES-0,16%,ceratonijas koka aug\u013cu pulveris,aromatiz\u0113t\u0101ji. Var satur\u0113t Indijas RIEKSTU UN TO DALI\u0145AS . Ener\u0123\u0113tisk\u0101 un uzturv\u0113rt\u012bba 100g:2252kJ\/539kcal &#8212; 33g-tauki,tostarp-7,8g pies\u0101tin\u0101t\u0101s tauksk\u0101bes,55g-og\u013chidr\u0101ti,tostarp 5,0 cukuri,6,7g-olbaltumvielas,0,13g-s\u0101ls. Uzglab\u0101t saus\u0101 viet\u0101 +18 &#8212; +3C. Ra\u017eot\u0101js: Lietuva<\/p>\n","protected":false},"excerpt":{"rendered":"<p>7.99 \u20ac\/KG<\/p>\n","protected":false},"featured_media":53559,"template":"","meta":{"_acf_changed":false,"inline_featured_image":false},"product_cat":[125,201],"product_tag":[],"acf":[],"aioseo_notices":[],"_links":{"self":[{"href":"https:\/\/rezekne.citro.lv\/ru\/wp-json\/wp\/v2\/product\/53519"}],"collection":[{"href":"https:\/\/rezekne.citro.lv\/ru\/wp-json\/wp\/v2\/product"}],"about":[{"href":"https:\/\/rezekne.citro.lv\/ru\/wp-json\/wp\/v2\/types\/product"}],"wp:featuredmedia":[{"embeddable":true,"href":"https:\/\/rezekne.citro.lv\/ru\/wp-json\/wp\/v2\/media\/53559"}],"wp:attachment":[{"href":"https:\/\/rezekne.citro.lv\/ru\/wp-json\/wp\/v2\/media?parent=53519"}],"wp:term":[{"taxonomy":"product_cat","embeddable":true,"href":"https:\/\/rezekne.citro.lv\/ru\/wp-json\/wp\/v2\/product_cat?post=53519"},{"taxonomy":"product_tag","embeddable":true,"href":"https:\/\/rezekne.citro.lv\/ru\/wp-json\/wp\/v2\/product_tag?post=53519"}],"curies":[{"name":"wp","href":"https:\/\/api.w.org\/{rel}","templated":true}]}}