{"id":53633,"date":"2025-04-24T02:51:00","date_gmt":"2025-04-23T23:51:00","guid":{"rendered":"https:\/\/rezekne.citro.lv\/veikals\/salati-mix-125g\/"},"modified":"2025-04-29T18:00:50","modified_gmt":"2025-04-29T15:00:50","slug":"salati-mix-125g","status":"publish","type":"product","link":"https:\/\/rezekne.citro.lv\/ru\/product\/salati-mix-125g\/","title":{"rendered":"SAL\u0100TI  MIX 125G"},"content":{"rendered":"<p>Izcelsmes valsts: It\u0101lija<br \/>IT\u0100LIJA 2.\u0160\u0136.<\/p>\n","protected":false},"excerpt":{"rendered":"<p>11.92 \u20ac\/KG<\/p>\n","protected":false},"featured_media":62901,"template":"","meta":{"_acf_changed":false,"inline_featured_image":false},"product_cat":[97,99],"product_tag":[],"acf":[],"aioseo_notices":[],"_links":{"self":[{"href":"https:\/\/rezekne.citro.lv\/ru\/wp-json\/wp\/v2\/product\/53633"}],"collection":[{"href":"https:\/\/rezekne.citro.lv\/ru\/wp-json\/wp\/v2\/product"}],"about":[{"href":"https:\/\/rezekne.citro.lv\/ru\/wp-json\/wp\/v2\/types\/product"}],"wp:featuredmedia":[{"embeddable":true,"href":"https:\/\/rezekne.citro.lv\/ru\/wp-json\/wp\/v2\/media\/62901"}],"wp:attachment":[{"href":"https:\/\/rezekne.citro.lv\/ru\/wp-json\/wp\/v2\/media?parent=53633"}],"wp:term":[{"taxonomy":"product_cat","embeddable":true,"href":"https:\/\/rezekne.citro.lv\/ru\/wp-json\/wp\/v2\/product_cat?post=53633"},{"taxonomy":"product_tag","embeddable":true,"href":"https:\/\/rezekne.citro.lv\/ru\/wp-json\/wp\/v2\/product_tag?post=53633"}],"curies":[{"name":"wp","href":"https:\/\/api.w.org\/{rel}","templated":true}]}}