{"id":53692,"date":"2025-11-20T14:10:05","date_gmt":"2025-11-20T12:10:05","guid":{"rendered":"https:\/\/rezekne.citro.lv\/veikals\/saldejums-druva-sokolades-un-kirsu-1000ml-500g\/"},"modified":"2026-04-02T06:03:47","modified_gmt":"2026-04-02T03:03:47","slug":"saldejums-druva-sokolades-un-kirsu-1000ml-500g","status":"publish","type":"product","link":"https:\/\/rezekne.citro.lv\/ru\/product\/saldejums-druva-sokolades-un-kirsu-1000ml-500g\/","title":{"rendered":"SALD\u0112JUMS DRUVA \u0160OKOL\u0100DES UN \u0136IR\u0160U 1000ML\/500G"},"content":{"rendered":"<p>Izcelsmes valsts: Latvija<\/p>\n","protected":false},"excerpt":{"rendered":"<p>11.98 \u20ac\/KG<\/p>\n","protected":false},"featured_media":53937,"template":"","meta":{"_acf_changed":false,"inline_featured_image":false},"product_cat":[233,234],"product_tag":[],"acf":[],"aioseo_notices":[],"_links":{"self":[{"href":"https:\/\/rezekne.citro.lv\/ru\/wp-json\/wp\/v2\/product\/53692"}],"collection":[{"href":"https:\/\/rezekne.citro.lv\/ru\/wp-json\/wp\/v2\/product"}],"about":[{"href":"https:\/\/rezekne.citro.lv\/ru\/wp-json\/wp\/v2\/types\/product"}],"wp:featuredmedia":[{"embeddable":true,"href":"https:\/\/rezekne.citro.lv\/ru\/wp-json\/wp\/v2\/media\/53937"}],"wp:attachment":[{"href":"https:\/\/rezekne.citro.lv\/ru\/wp-json\/wp\/v2\/media?parent=53692"}],"wp:term":[{"taxonomy":"product_cat","embeddable":true,"href":"https:\/\/rezekne.citro.lv\/ru\/wp-json\/wp\/v2\/product_cat?post=53692"},{"taxonomy":"product_tag","embeddable":true,"href":"https:\/\/rezekne.citro.lv\/ru\/wp-json\/wp\/v2\/product_tag?post=53692"}],"curies":[{"name":"wp","href":"https:\/\/api.w.org\/{rel}","templated":true}]}}