{"id":53693,"date":"2025-02-28T00:13:28","date_gmt":"2025-02-27T22:13:28","guid":{"rendered":"https:\/\/rezekne.citro.lv\/veikals\/nektars-cido-kirsu-1l-prisma\/"},"modified":"2026-04-07T06:02:40","modified_gmt":"2026-04-07T03:02:40","slug":"nektars-cido-kirsu-1l-prisma","status":"publish","type":"product","link":"https:\/\/rezekne.citro.lv\/ru\/product\/nektars-cido-kirsu-1l-prisma\/","title":{"rendered":"NEKT\u0100RS CIDO \u0136IR\u0160U 1L PRISMA"},"content":{"rendered":"<p>Izcelsmes valsts: Latvija<\/p>\n","protected":false},"excerpt":{"rendered":"<p>2.39 \u20ac\/L<\/p>\n","protected":false},"featured_media":53772,"template":"","meta":{"_acf_changed":false,"inline_featured_image":false},"product_cat":[106,124],"product_tag":[],"acf":[],"aioseo_notices":[],"_links":{"self":[{"href":"https:\/\/rezekne.citro.lv\/ru\/wp-json\/wp\/v2\/product\/53693"}],"collection":[{"href":"https:\/\/rezekne.citro.lv\/ru\/wp-json\/wp\/v2\/product"}],"about":[{"href":"https:\/\/rezekne.citro.lv\/ru\/wp-json\/wp\/v2\/types\/product"}],"wp:featuredmedia":[{"embeddable":true,"href":"https:\/\/rezekne.citro.lv\/ru\/wp-json\/wp\/v2\/media\/53772"}],"wp:attachment":[{"href":"https:\/\/rezekne.citro.lv\/ru\/wp-json\/wp\/v2\/media?parent=53693"}],"wp:term":[{"taxonomy":"product_cat","embeddable":true,"href":"https:\/\/rezekne.citro.lv\/ru\/wp-json\/wp\/v2\/product_cat?post=53693"},{"taxonomy":"product_tag","embeddable":true,"href":"https:\/\/rezekne.citro.lv\/ru\/wp-json\/wp\/v2\/product_tag?post=53693"}],"curies":[{"name":"wp","href":"https:\/\/api.w.org\/{rel}","templated":true}]}}