{"id":53714,"date":"2026-03-26T00:32:37","date_gmt":"2026-03-25T22:32:37","guid":{"rendered":"https:\/\/rezekne.citro.lv\/veikals\/tual-papirs-grite-ecological-3kartas-8rulli\/"},"modified":"2026-04-21T06:04:04","modified_gmt":"2026-04-21T03:04:04","slug":"tual-papirs-grite-ecological-3kartas-8rulli","status":"publish","type":"product","link":"https:\/\/rezekne.citro.lv\/ru\/product\/tual-papirs-grite-ecological-3kartas-8rulli\/","title":{"rendered":"TUAL.PAP\u012aRS GRITE ECOLOGICAL 3K\u0100RTAS 8RU\u013b\u013bI"},"content":{"rendered":"<p>Izcelsmes valsts: Lietuva<\/p>\n","protected":false},"excerpt":{"rendered":"<p>0.25 \u20ac\/GAB<\/p>\n","protected":false},"featured_media":53787,"template":"","meta":{"_acf_changed":false,"inline_featured_image":false},"product_cat":[131,163],"product_tag":[],"acf":[],"aioseo_notices":[],"_links":{"self":[{"href":"https:\/\/rezekne.citro.lv\/ru\/wp-json\/wp\/v2\/product\/53714"}],"collection":[{"href":"https:\/\/rezekne.citro.lv\/ru\/wp-json\/wp\/v2\/product"}],"about":[{"href":"https:\/\/rezekne.citro.lv\/ru\/wp-json\/wp\/v2\/types\/product"}],"wp:featuredmedia":[{"embeddable":true,"href":"https:\/\/rezekne.citro.lv\/ru\/wp-json\/wp\/v2\/media\/53787"}],"wp:attachment":[{"href":"https:\/\/rezekne.citro.lv\/ru\/wp-json\/wp\/v2\/media?parent=53714"}],"wp:term":[{"taxonomy":"product_cat","embeddable":true,"href":"https:\/\/rezekne.citro.lv\/ru\/wp-json\/wp\/v2\/product_cat?post=53714"},{"taxonomy":"product_tag","embeddable":true,"href":"https:\/\/rezekne.citro.lv\/ru\/wp-json\/wp\/v2\/product_tag?post=53714"}],"curies":[{"name":"wp","href":"https:\/\/api.w.org\/{rel}","templated":true}]}}