{"id":53717,"date":"2026-04-09T00:06:24","date_gmt":"2026-04-08T21:06:24","guid":{"rendered":"https:\/\/rezekne.citro.lv\/veikals\/konf-karba-pergale-konfeksu-izlase-riga-ar-tumso-sokoladi-348g\/"},"modified":"2026-04-11T06:04:40","modified_gmt":"2026-04-11T03:04:40","slug":"konf-karba-pergale-konfeksu-izlase-riga-ar-tumso-sokoladi-348g","status":"publish","type":"product","link":"https:\/\/rezekne.citro.lv\/ru\/product\/konf-karba-pergale-konfeksu-izlase-riga-ar-tumso-sokoladi-348g\/","title":{"rendered":"KONF.K\u0100RBA PERGALE KONFEK\u0160U IZLASE R\u012aGA AR TUM\u0160O \u0160OKOL\u0100DI 348G"},"content":{"rendered":"<p>Izcelsmes valsts: Lietuva<\/p>\n","protected":false},"excerpt":{"rendered":"<p>15.49 \u20ac\/KG<\/p>\n","protected":false},"featured_media":53782,"template":"","meta":{"_acf_changed":false,"inline_featured_image":false},"product_cat":[125,200],"product_tag":[],"acf":[],"aioseo_notices":[],"_links":{"self":[{"href":"https:\/\/rezekne.citro.lv\/ru\/wp-json\/wp\/v2\/product\/53717"}],"collection":[{"href":"https:\/\/rezekne.citro.lv\/ru\/wp-json\/wp\/v2\/product"}],"about":[{"href":"https:\/\/rezekne.citro.lv\/ru\/wp-json\/wp\/v2\/types\/product"}],"wp:featuredmedia":[{"embeddable":true,"href":"https:\/\/rezekne.citro.lv\/ru\/wp-json\/wp\/v2\/media\/53782"}],"wp:attachment":[{"href":"https:\/\/rezekne.citro.lv\/ru\/wp-json\/wp\/v2\/media?parent=53717"}],"wp:term":[{"taxonomy":"product_cat","embeddable":true,"href":"https:\/\/rezekne.citro.lv\/ru\/wp-json\/wp\/v2\/product_cat?post=53717"},{"taxonomy":"product_tag","embeddable":true,"href":"https:\/\/rezekne.citro.lv\/ru\/wp-json\/wp\/v2\/product_tag?post=53717"}],"curies":[{"name":"wp","href":"https:\/\/api.w.org\/{rel}","templated":true}]}}