{"id":54053,"date":"2026-03-12T00:05:06","date_gmt":"2026-03-11T22:05:06","guid":{"rendered":"https:\/\/rezekne.citro.lv\/veikals\/smiltserksku-krems-ar-vanilas-merci-citro-150g\/"},"modified":"2026-03-26T06:03:47","modified_gmt":"2026-03-26T04:03:47","slug":"deserts-smiltserksku-krems-ar-saldo-merci-citro-150g","status":"publish","type":"product","link":"https:\/\/rezekne.citro.lv\/ru\/product\/deserts-smiltserksku-krems-ar-saldo-merci-citro-150g\/","title":{"rendered":"DESERTS SMILTS\u0112RK\u0160\u0136U KR\u0112MS AR SALDO M\u0112RCI CITRO 150G"},"content":{"rendered":"<p>Izcelsmes valsts: Latvija<br \/> Sast\u0101vda\u013cas:kr\u0113ms 50% {konditorejas kr\u0113ms ar cukuru ((\u016bdens, piln\u012bgi hidrogen\u0113ta palmu kodolu e\u013c\u013ca25%, cukurs 12%, PIENA olbaltumvielas, emulgatori E472b, E322(SOJA), E 472e; stabiliz\u0113t\u0101ji: E460, E466, E340;aromatiz\u0113t\u0101js, kr\u0101sviela E160a)):\u016bdens, putukr\u0113juma stabilizators smilts\u0113rk\u0161\u0137u-apels\u012bnu((cukurs, \u017eelat\u012bns(liellopu ga\u013cas), kalt\u0113ti smilts\u0113rk\u0161\u0137i 5%, maltodekstr\u012bns, kalt\u0113ti apels\u012bni 3%, sk\u0101buma regul\u0113t\u0101js-citronsk\u0101be, modific\u0113ta ciete, dab\u012bga arom\u0101tviela, paprikas un tropu aug\u013cu ekstrakts))}:m\u0113rce 50%{PIENS UHT t.s 3.2%, kaltkr\u0113ms((p\u016bdercukurs, modific\u0113ta ciete E1414, PIENA s\u016bkalu  pulveris, PIENA proteini, biezin\u0101t\u0101js:E401, s\u0101ls,  aromatiz\u0113t\u0101js, p\u0101rtikas kr\u0101svielas E101,E160a)): Uzglab\u0101\u0161anas temperat\u016bra+2-+6C  Inform\u0101cija par uzturv\u0113rt\u012bbu: 100 g produkta satur: ener\u0123\u0113tisk\u0101 v\u0113rt\u012bba 735 kJ \/ 176kcal; tauki 11.5g, tostarp pies\u0101tin\u0101t\u0101s tauksk\u0101bes 11g; og\u013chidr\u0101ti 15.4g, tostarp cukuri 12.8g; \u0161\u0137iedrvielas 0g; olbaltumvielas 2.8g; s\u0101ls 0.2g.<\/p>\n","protected":false},"excerpt":{"rendered":"<p>8.60 \u20ac\/KG<\/p>\n","protected":false},"featured_media":54101,"template":"","meta":{"_acf_changed":false,"inline_featured_image":false},"product_cat":[113,221],"product_tag":[],"acf":[],"aioseo_notices":[],"_links":{"self":[{"href":"https:\/\/rezekne.citro.lv\/ru\/wp-json\/wp\/v2\/product\/54053"}],"collection":[{"href":"https:\/\/rezekne.citro.lv\/ru\/wp-json\/wp\/v2\/product"}],"about":[{"href":"https:\/\/rezekne.citro.lv\/ru\/wp-json\/wp\/v2\/types\/product"}],"wp:featuredmedia":[{"embeddable":true,"href":"https:\/\/rezekne.citro.lv\/ru\/wp-json\/wp\/v2\/media\/54101"}],"wp:attachment":[{"href":"https:\/\/rezekne.citro.lv\/ru\/wp-json\/wp\/v2\/media?parent=54053"}],"wp:term":[{"taxonomy":"product_cat","embeddable":true,"href":"https:\/\/rezekne.citro.lv\/ru\/wp-json\/wp\/v2\/product_cat?post=54053"},{"taxonomy":"product_tag","embeddable":true,"href":"https:\/\/rezekne.citro.lv\/ru\/wp-json\/wp\/v2\/product_tag?post=54053"}],"curies":[{"name":"wp","href":"https:\/\/api.w.org\/{rel}","templated":true}]}}