{"id":54083,"date":"2026-02-26T00:31:06","date_gmt":"2026-02-25T22:31:06","guid":{"rendered":"https:\/\/rezekne.citro.lv\/veikals\/bariba-suniem-sausa-pedigree-dentastix-kaulins-zobiem-180g\/"},"modified":"2026-05-06T06:04:19","modified_gmt":"2026-05-06T03:04:19","slug":"bariba-suniem-sausa-pedigree-dentastix-kaulins-zobiem-180g","status":"publish","type":"product","link":"https:\/\/rezekne.citro.lv\/ru\/product\/bariba-suniem-sausa-pedigree-dentastix-kaulins-zobiem-180g\/","title":{"rendered":"BAR\u012aBA SU\u0145IEM SAUS\u0100 PEDIGREE DENTASTIX KAULI\u0145\u0160 ZOBIEM 180G"},"content":{"rendered":"<p>Izcelsmes valsts: Ung\u0101rija<\/p>\n","protected":false},"excerpt":{"rendered":"<p>19.94 \u20ac\/KG<\/p>\n","protected":false},"featured_media":54135,"template":"","meta":{"_acf_changed":false,"inline_featured_image":false},"product_cat":[153,154],"product_tag":[],"acf":[],"aioseo_notices":[],"_links":{"self":[{"href":"https:\/\/rezekne.citro.lv\/ru\/wp-json\/wp\/v2\/product\/54083"}],"collection":[{"href":"https:\/\/rezekne.citro.lv\/ru\/wp-json\/wp\/v2\/product"}],"about":[{"href":"https:\/\/rezekne.citro.lv\/ru\/wp-json\/wp\/v2\/types\/product"}],"wp:featuredmedia":[{"embeddable":true,"href":"https:\/\/rezekne.citro.lv\/ru\/wp-json\/wp\/v2\/media\/54135"}],"wp:attachment":[{"href":"https:\/\/rezekne.citro.lv\/ru\/wp-json\/wp\/v2\/media?parent=54083"}],"wp:term":[{"taxonomy":"product_cat","embeddable":true,"href":"https:\/\/rezekne.citro.lv\/ru\/wp-json\/wp\/v2\/product_cat?post=54083"},{"taxonomy":"product_tag","embeddable":true,"href":"https:\/\/rezekne.citro.lv\/ru\/wp-json\/wp\/v2\/product_tag?post=54083"}],"curies":[{"name":"wp","href":"https:\/\/api.w.org\/{rel}","templated":true}]}}