{"id":54256,"date":"2026-04-09T00:06:24","date_gmt":"2026-04-08T21:06:24","guid":{"rendered":"https:\/\/rezekne.citro.lv\/veikals\/merce-ceptu-kiploku-rundale-400g\/"},"modified":"2026-04-29T06:04:06","modified_gmt":"2026-04-29T03:04:06","slug":"merce-ceptu-kiploku-rundale-400g","status":"publish","type":"product","link":"https:\/\/rezekne.citro.lv\/ru\/product\/merce-ceptu-kiploku-rundale-400g\/","title":{"rendered":"M\u0112RCE CEPTU \u0136IPLOKU RUND\u0100LE 400G"},"content":{"rendered":"<p>Izcelsmes valsts: Latvija<\/p>\n","protected":false},"excerpt":{"rendered":"<p>4.48 \u20ac\/KG<\/p>\n","protected":false},"featured_media":54363,"template":"","meta":{"_acf_changed":false,"inline_featured_image":false},"product_cat":[116,208],"product_tag":[],"acf":[],"aioseo_notices":[],"_links":{"self":[{"href":"https:\/\/rezekne.citro.lv\/ru\/wp-json\/wp\/v2\/product\/54256"}],"collection":[{"href":"https:\/\/rezekne.citro.lv\/ru\/wp-json\/wp\/v2\/product"}],"about":[{"href":"https:\/\/rezekne.citro.lv\/ru\/wp-json\/wp\/v2\/types\/product"}],"wp:featuredmedia":[{"embeddable":true,"href":"https:\/\/rezekne.citro.lv\/ru\/wp-json\/wp\/v2\/media\/54363"}],"wp:attachment":[{"href":"https:\/\/rezekne.citro.lv\/ru\/wp-json\/wp\/v2\/media?parent=54256"}],"wp:term":[{"taxonomy":"product_cat","embeddable":true,"href":"https:\/\/rezekne.citro.lv\/ru\/wp-json\/wp\/v2\/product_cat?post=54256"},{"taxonomy":"product_tag","embeddable":true,"href":"https:\/\/rezekne.citro.lv\/ru\/wp-json\/wp\/v2\/product_tag?post=54256"}],"curies":[{"name":"wp","href":"https:\/\/api.w.org\/{rel}","templated":true}]}}