{"id":54268,"date":"2026-02-05T00:02:43","date_gmt":"2026-02-04T22:02:43","guid":{"rendered":"https:\/\/rezekne.citro.lv\/veikals\/olivella-pomace-donna-sofia-3l-tin\/"},"modified":"2026-02-05T00:02:43","modified_gmt":"2026-02-04T22:02:43","slug":"olivella-pomace-donna-sofia-3l-tin","status":"publish","type":"product","link":"https:\/\/rezekne.citro.lv\/ru\/product\/olivella-pomace-donna-sofia-3l-tin\/","title":{"rendered":"OL\u012aVE\u013b\u013bA POMACE DONNA SOFIA 3L TIN"},"content":{"rendered":"<p>Izcelsmes valsts: It\u0101lija<\/p>\n","protected":false},"excerpt":{"rendered":"<p>6.66 \u20ac\/L<\/p>\n","protected":false},"featured_media":54372,"template":"","meta":{"_acf_changed":false,"inline_featured_image":false},"product_cat":[116,164],"product_tag":[],"acf":[],"aioseo_notices":[],"_links":{"self":[{"href":"https:\/\/rezekne.citro.lv\/ru\/wp-json\/wp\/v2\/product\/54268"}],"collection":[{"href":"https:\/\/rezekne.citro.lv\/ru\/wp-json\/wp\/v2\/product"}],"about":[{"href":"https:\/\/rezekne.citro.lv\/ru\/wp-json\/wp\/v2\/types\/product"}],"wp:featuredmedia":[{"embeddable":true,"href":"https:\/\/rezekne.citro.lv\/ru\/wp-json\/wp\/v2\/media\/54372"}],"wp:attachment":[{"href":"https:\/\/rezekne.citro.lv\/ru\/wp-json\/wp\/v2\/media?parent=54268"}],"wp:term":[{"taxonomy":"product_cat","embeddable":true,"href":"https:\/\/rezekne.citro.lv\/ru\/wp-json\/wp\/v2\/product_cat?post=54268"},{"taxonomy":"product_tag","embeddable":true,"href":"https:\/\/rezekne.citro.lv\/ru\/wp-json\/wp\/v2\/product_tag?post=54268"}],"curies":[{"name":"wp","href":"https:\/\/api.w.org\/{rel}","templated":true}]}}