{"id":54283,"date":"2025-08-14T00:17:54","date_gmt":"2025-08-13T21:17:54","guid":{"rendered":"https:\/\/rezekne.citro.lv\/veikals\/garsv-partikas-zelatins-100g\/"},"modified":"2026-05-05T06:00:39","modified_gmt":"2026-05-05T03:00:39","slug":"garsv-partikas-zelatins-100g","status":"publish","type":"product","link":"https:\/\/rezekne.citro.lv\/ru\/product\/garsv-partikas-zelatins-100g\/","title":{"rendered":"GAR\u0160V. P\u0100RTIKAS \u017dELAT\u012aNS 100G"},"content":{"rendered":"<p>Izcelsmes valsts: \u0160veice<\/p>\n","protected":false},"excerpt":{"rendered":"<p>19.90 \u20ac\/KG<\/p>\n","protected":false},"featured_media":54397,"template":"","meta":{"_acf_changed":false,"inline_featured_image":false},"product_cat":[116,165],"product_tag":[],"acf":[],"aioseo_notices":[],"_links":{"self":[{"href":"https:\/\/rezekne.citro.lv\/ru\/wp-json\/wp\/v2\/product\/54283"}],"collection":[{"href":"https:\/\/rezekne.citro.lv\/ru\/wp-json\/wp\/v2\/product"}],"about":[{"href":"https:\/\/rezekne.citro.lv\/ru\/wp-json\/wp\/v2\/types\/product"}],"wp:featuredmedia":[{"embeddable":true,"href":"https:\/\/rezekne.citro.lv\/ru\/wp-json\/wp\/v2\/media\/54397"}],"wp:attachment":[{"href":"https:\/\/rezekne.citro.lv\/ru\/wp-json\/wp\/v2\/media?parent=54283"}],"wp:term":[{"taxonomy":"product_cat","embeddable":true,"href":"https:\/\/rezekne.citro.lv\/ru\/wp-json\/wp\/v2\/product_cat?post=54283"},{"taxonomy":"product_tag","embeddable":true,"href":"https:\/\/rezekne.citro.lv\/ru\/wp-json\/wp\/v2\/product_tag?post=54283"}],"curies":[{"name":"wp","href":"https:\/\/api.w.org\/{rel}","templated":true}]}}