{"id":54286,"date":"2024-08-27T10:58:57","date_gmt":"2024-08-27T07:58:57","guid":{"rendered":"https:\/\/rezekne.citro.lv\/veikals\/merce-klasiska-barbekju-mississippi-510g\/"},"modified":"2024-08-27T10:58:57","modified_gmt":"2024-08-27T07:58:57","slug":"merce-klasiska-barbekju-mississippi-510g","status":"publish","type":"product","link":"https:\/\/rezekne.citro.lv\/ru\/product\/merce-klasiska-barbekju-mississippi-510g\/","title":{"rendered":"M\u0112RCE KLASISK\u0100 BARBEKJU MISSISSIPPI 510G"},"content":{"rendered":"<p>Izcelsmes valsts: V\u0101cija<\/p>\n","protected":false},"excerpt":{"rendered":"<p>8.61 \u20ac\/KG<\/p>\n","protected":false},"featured_media":54398,"template":"","meta":{"_acf_changed":false,"inline_featured_image":false},"product_cat":[116,208],"product_tag":[],"acf":[],"aioseo_notices":[],"_links":{"self":[{"href":"https:\/\/rezekne.citro.lv\/ru\/wp-json\/wp\/v2\/product\/54286"}],"collection":[{"href":"https:\/\/rezekne.citro.lv\/ru\/wp-json\/wp\/v2\/product"}],"about":[{"href":"https:\/\/rezekne.citro.lv\/ru\/wp-json\/wp\/v2\/types\/product"}],"wp:featuredmedia":[{"embeddable":true,"href":"https:\/\/rezekne.citro.lv\/ru\/wp-json\/wp\/v2\/media\/54398"}],"wp:attachment":[{"href":"https:\/\/rezekne.citro.lv\/ru\/wp-json\/wp\/v2\/media?parent=54286"}],"wp:term":[{"taxonomy":"product_cat","embeddable":true,"href":"https:\/\/rezekne.citro.lv\/ru\/wp-json\/wp\/v2\/product_cat?post=54286"},{"taxonomy":"product_tag","embeddable":true,"href":"https:\/\/rezekne.citro.lv\/ru\/wp-json\/wp\/v2\/product_tag?post=54286"}],"curies":[{"name":"wp","href":"https:\/\/api.w.org\/{rel}","templated":true}]}}