{"id":54287,"date":"2024-08-27T13:30:39","date_gmt":"2024-08-27T10:30:39","guid":{"rendered":"https:\/\/rezekne.citro.lv\/veikals\/merce-tomatu-salda-har-500g\/"},"modified":"2026-04-02T15:00:09","modified_gmt":"2026-04-02T12:00:09","slug":"merce-tomatu-salda-har-500g","status":"publish","type":"product","link":"https:\/\/rezekne.citro.lv\/ru\/product\/merce-tomatu-salda-har-500g\/","title":{"rendered":"M\u0112RCE TOM\u0100TU SALD\u0100 HAR 500G"},"content":{"rendered":"<p>Izcelsmes valsts: Latvija<\/p>\n","protected":false},"excerpt":{"rendered":"<p>3.18 \u20ac\/KG<\/p>\n","protected":false},"featured_media":54501,"template":"","meta":{"_acf_changed":false,"inline_featured_image":false},"product_cat":[116,533],"product_tag":[],"acf":[],"aioseo_notices":[],"_links":{"self":[{"href":"https:\/\/rezekne.citro.lv\/ru\/wp-json\/wp\/v2\/product\/54287"}],"collection":[{"href":"https:\/\/rezekne.citro.lv\/ru\/wp-json\/wp\/v2\/product"}],"about":[{"href":"https:\/\/rezekne.citro.lv\/ru\/wp-json\/wp\/v2\/types\/product"}],"wp:featuredmedia":[{"embeddable":true,"href":"https:\/\/rezekne.citro.lv\/ru\/wp-json\/wp\/v2\/media\/54501"}],"wp:attachment":[{"href":"https:\/\/rezekne.citro.lv\/ru\/wp-json\/wp\/v2\/media?parent=54287"}],"wp:term":[{"taxonomy":"product_cat","embeddable":true,"href":"https:\/\/rezekne.citro.lv\/ru\/wp-json\/wp\/v2\/product_cat?post=54287"},{"taxonomy":"product_tag","embeddable":true,"href":"https:\/\/rezekne.citro.lv\/ru\/wp-json\/wp\/v2\/product_tag?post=54287"}],"curies":[{"name":"wp","href":"https:\/\/api.w.org\/{rel}","templated":true}]}}