{"id":54298,"date":"2025-01-03T00:12:11","date_gmt":"2025-01-02T22:12:11","guid":{"rendered":"https:\/\/rezekne.citro.lv\/veikals\/garsv-zelatins-partikas-15g-valezs\/"},"modified":"2026-05-06T06:00:56","modified_gmt":"2026-05-06T03:00:56","slug":"garsv-zelatins-partikas-15g-valezs","status":"publish","type":"product","link":"https:\/\/rezekne.citro.lv\/ru\/product\/garsv-zelatins-partikas-15g-valezs\/","title":{"rendered":"GAR\u0160V. \u017dELAT\u012aNS P\u0100RTIKAS 15G VALE\u017dS"},"content":{"rendered":"<p>Izcelsmes valsts: \u0160veice<\/p>\n","protected":false},"excerpt":{"rendered":"<p>39.33 \u20ac\/KG<\/p>\n","protected":false},"featured_media":54493,"template":"","meta":{"_acf_changed":false,"inline_featured_image":false},"product_cat":[116,165],"product_tag":[],"acf":[],"aioseo_notices":[],"_links":{"self":[{"href":"https:\/\/rezekne.citro.lv\/ru\/wp-json\/wp\/v2\/product\/54298"}],"collection":[{"href":"https:\/\/rezekne.citro.lv\/ru\/wp-json\/wp\/v2\/product"}],"about":[{"href":"https:\/\/rezekne.citro.lv\/ru\/wp-json\/wp\/v2\/types\/product"}],"wp:featuredmedia":[{"embeddable":true,"href":"https:\/\/rezekne.citro.lv\/ru\/wp-json\/wp\/v2\/media\/54493"}],"wp:attachment":[{"href":"https:\/\/rezekne.citro.lv\/ru\/wp-json\/wp\/v2\/media?parent=54298"}],"wp:term":[{"taxonomy":"product_cat","embeddable":true,"href":"https:\/\/rezekne.citro.lv\/ru\/wp-json\/wp\/v2\/product_cat?post=54298"},{"taxonomy":"product_tag","embeddable":true,"href":"https:\/\/rezekne.citro.lv\/ru\/wp-json\/wp\/v2\/product_tag?post=54298"}],"curies":[{"name":"wp","href":"https:\/\/api.w.org\/{rel}","templated":true}]}}