{"id":54299,"date":"2024-08-14T00:10:39","date_gmt":"2024-08-13T21:10:39","guid":{"rendered":"https:\/\/rezekne.citro.lv\/veikals\/merce-pesto-genovese-maisijums-no-olivam-130gr\/"},"modified":"2026-04-02T06:00:54","modified_gmt":"2026-04-02T03:00:54","slug":"merce-pesto-genovese-maisijums-no-olivam-130gr","status":"publish","type":"product","link":"https:\/\/rezekne.citro.lv\/ru\/product\/merce-pesto-genovese-maisijums-no-olivam-130gr\/","title":{"rendered":"M\u0112RCE PESTO GENOVESE MAIS\u012aJUMS NO OL\u012aV\u0100M 130GR"},"content":{"rendered":"","protected":false},"excerpt":{"rendered":"<p>20.69 \u20ac\/KG<\/p>\n","protected":false},"featured_media":54490,"template":"","meta":{"_acf_changed":false,"inline_featured_image":false},"product_cat":[116,208],"product_tag":[],"acf":[],"aioseo_notices":[],"_links":{"self":[{"href":"https:\/\/rezekne.citro.lv\/ru\/wp-json\/wp\/v2\/product\/54299"}],"collection":[{"href":"https:\/\/rezekne.citro.lv\/ru\/wp-json\/wp\/v2\/product"}],"about":[{"href":"https:\/\/rezekne.citro.lv\/ru\/wp-json\/wp\/v2\/types\/product"}],"wp:featuredmedia":[{"embeddable":true,"href":"https:\/\/rezekne.citro.lv\/ru\/wp-json\/wp\/v2\/media\/54490"}],"wp:attachment":[{"href":"https:\/\/rezekne.citro.lv\/ru\/wp-json\/wp\/v2\/media?parent=54299"}],"wp:term":[{"taxonomy":"product_cat","embeddable":true,"href":"https:\/\/rezekne.citro.lv\/ru\/wp-json\/wp\/v2\/product_cat?post=54299"},{"taxonomy":"product_tag","embeddable":true,"href":"https:\/\/rezekne.citro.lv\/ru\/wp-json\/wp\/v2\/product_tag?post=54299"}],"curies":[{"name":"wp","href":"https:\/\/api.w.org\/{rel}","templated":true}]}}