{"id":54309,"date":"2024-10-24T09:21:32","date_gmt":"2024-10-24T06:21:32","guid":{"rendered":"https:\/\/rezekne.citro.lv\/veikals\/garsv-pudercukurs-100g-valezs\/"},"modified":"2026-05-07T06:00:56","modified_gmt":"2026-05-07T03:00:56","slug":"garsv-pudercukurs-100g-valezs","status":"publish","type":"product","link":"https:\/\/rezekne.citro.lv\/ru\/product\/garsv-pudercukurs-100g-valezs\/","title":{"rendered":"GAR\u0160V. P\u016aDERCUKURS 100G VALE\u017dS"},"content":{"rendered":"<p>Izcelsmes valsts: Latvija<\/p>\n","protected":false},"excerpt":{"rendered":"<p>7.90 \u20ac\/KG<\/p>\n","protected":false},"featured_media":54482,"template":"","meta":{"_acf_changed":false,"inline_featured_image":false},"product_cat":[116,165],"product_tag":[],"acf":[],"aioseo_notices":[],"_links":{"self":[{"href":"https:\/\/rezekne.citro.lv\/ru\/wp-json\/wp\/v2\/product\/54309"}],"collection":[{"href":"https:\/\/rezekne.citro.lv\/ru\/wp-json\/wp\/v2\/product"}],"about":[{"href":"https:\/\/rezekne.citro.lv\/ru\/wp-json\/wp\/v2\/types\/product"}],"wp:featuredmedia":[{"embeddable":true,"href":"https:\/\/rezekne.citro.lv\/ru\/wp-json\/wp\/v2\/media\/54482"}],"wp:attachment":[{"href":"https:\/\/rezekne.citro.lv\/ru\/wp-json\/wp\/v2\/media?parent=54309"}],"wp:term":[{"taxonomy":"product_cat","embeddable":true,"href":"https:\/\/rezekne.citro.lv\/ru\/wp-json\/wp\/v2\/product_cat?post=54309"},{"taxonomy":"product_tag","embeddable":true,"href":"https:\/\/rezekne.citro.lv\/ru\/wp-json\/wp\/v2\/product_tag?post=54309"}],"curies":[{"name":"wp","href":"https:\/\/api.w.org\/{rel}","templated":true}]}}