{"id":54323,"date":"2024-09-28T00:11:01","date_gmt":"2024-09-27T21:11:01","guid":{"rendered":"https:\/\/rezekne.citro.lv\/veikals\/garsv-kiploki-maltie-20g-valezs\/"},"modified":"2026-04-22T06:01:47","modified_gmt":"2026-04-22T03:01:47","slug":"garsv-kiploki-maltie-20g-valezs","status":"publish","type":"product","link":"https:\/\/rezekne.citro.lv\/ru\/product\/garsv-kiploki-maltie-20g-valezs\/","title":{"rendered":"GAR\u0160V. \u0136IPLOKI MALTIE 20G VALE\u017dS"},"content":{"rendered":"<p>Izcelsmes valsts: \u0136\u012bna<\/p>\n","protected":false},"excerpt":{"rendered":"<p>29.50 \u20ac\/KG<\/p>\n","protected":false},"featured_media":31750,"template":"","meta":{"_acf_changed":false,"inline_featured_image":false},"product_cat":[116,165],"product_tag":[],"acf":[],"aioseo_notices":[],"_links":{"self":[{"href":"https:\/\/rezekne.citro.lv\/ru\/wp-json\/wp\/v2\/product\/54323"}],"collection":[{"href":"https:\/\/rezekne.citro.lv\/ru\/wp-json\/wp\/v2\/product"}],"about":[{"href":"https:\/\/rezekne.citro.lv\/ru\/wp-json\/wp\/v2\/types\/product"}],"wp:featuredmedia":[{"embeddable":true,"href":"https:\/\/rezekne.citro.lv\/ru\/wp-json\/wp\/v2\/media\/31750"}],"wp:attachment":[{"href":"https:\/\/rezekne.citro.lv\/ru\/wp-json\/wp\/v2\/media?parent=54323"}],"wp:term":[{"taxonomy":"product_cat","embeddable":true,"href":"https:\/\/rezekne.citro.lv\/ru\/wp-json\/wp\/v2\/product_cat?post=54323"},{"taxonomy":"product_tag","embeddable":true,"href":"https:\/\/rezekne.citro.lv\/ru\/wp-json\/wp\/v2\/product_tag?post=54323"}],"curies":[{"name":"wp","href":"https:\/\/api.w.org\/{rel}","templated":true}]}}