{"id":54324,"date":"2026-03-26T00:15:38","date_gmt":"2026-03-25T22:15:38","guid":{"rendered":"https:\/\/rezekne.citro.lv\/veikals\/teja-melna-mozums-klasiska-anglu-25x2g\/"},"modified":"2026-04-18T06:02:04","modified_gmt":"2026-04-18T03:02:04","slug":"teja-melna-mozums-klasiska-anglu-25x2g","status":"publish","type":"product","link":"https:\/\/rezekne.citro.lv\/ru\/product\/teja-melna-mozums-klasiska-anglu-25x2g\/","title":{"rendered":"T\u0112JA MELN\u0100 MO\u017dUMS KLASISK\u0100 ANG\u013bU 25X2G"},"content":{"rendered":"<p>Izcelsmes valsts: Polija<\/p>\n","protected":false},"excerpt":{"rendered":"<p>21.80 \u20ac\/KG<\/p>\n","protected":false},"featured_media":54473,"template":"","meta":{"_acf_changed":false,"inline_featured_image":false},"product_cat":[142,143],"product_tag":[],"acf":[],"aioseo_notices":[],"_links":{"self":[{"href":"https:\/\/rezekne.citro.lv\/ru\/wp-json\/wp\/v2\/product\/54324"}],"collection":[{"href":"https:\/\/rezekne.citro.lv\/ru\/wp-json\/wp\/v2\/product"}],"about":[{"href":"https:\/\/rezekne.citro.lv\/ru\/wp-json\/wp\/v2\/types\/product"}],"wp:featuredmedia":[{"embeddable":true,"href":"https:\/\/rezekne.citro.lv\/ru\/wp-json\/wp\/v2\/media\/54473"}],"wp:attachment":[{"href":"https:\/\/rezekne.citro.lv\/ru\/wp-json\/wp\/v2\/media?parent=54324"}],"wp:term":[{"taxonomy":"product_cat","embeddable":true,"href":"https:\/\/rezekne.citro.lv\/ru\/wp-json\/wp\/v2\/product_cat?post=54324"},{"taxonomy":"product_tag","embeddable":true,"href":"https:\/\/rezekne.citro.lv\/ru\/wp-json\/wp\/v2\/product_tag?post=54324"}],"curies":[{"name":"wp","href":"https:\/\/api.w.org\/{rel}","templated":true}]}}