{"id":54329,"date":"2026-02-05T00:02:16","date_gmt":"2026-02-04T22:02:16","guid":{"rendered":"https:\/\/rezekne.citro.lv\/veikals\/uztura-bagatinatajs-vitamini-dr-vitt-skistosie-c-vit-86g\/"},"modified":"2026-05-05T06:01:24","modified_gmt":"2026-05-05T03:01:24","slug":"uztura-bagatinatajs-vitamini-dr-vitt-skistosie-c-vit-86g","status":"publish","type":"product","link":"https:\/\/rezekne.citro.lv\/ru\/product\/uztura-bagatinatajs-vitamini-dr-vitt-skistosie-c-vit-86g\/","title":{"rendered":"UZTURA BAG\u0100TIN\u0100T\u0100JS VITAM\u012aNI DR.VITT \u0160\u0136\u012aSTO\u0160IE C VIT. 86G"},"content":{"rendered":"<p>Izcelsmes valsts: Polija<\/p>\n","protected":false},"excerpt":{"rendered":"<p>23.14 \u20ac\/KG<\/p>\n","protected":false},"featured_media":54396,"template":"","meta":{"_acf_changed":false,"inline_featured_image":false},"product_cat":[116,368],"product_tag":[],"acf":[],"aioseo_notices":[],"_links":{"self":[{"href":"https:\/\/rezekne.citro.lv\/ru\/wp-json\/wp\/v2\/product\/54329"}],"collection":[{"href":"https:\/\/rezekne.citro.lv\/ru\/wp-json\/wp\/v2\/product"}],"about":[{"href":"https:\/\/rezekne.citro.lv\/ru\/wp-json\/wp\/v2\/types\/product"}],"wp:featuredmedia":[{"embeddable":true,"href":"https:\/\/rezekne.citro.lv\/ru\/wp-json\/wp\/v2\/media\/54396"}],"wp:attachment":[{"href":"https:\/\/rezekne.citro.lv\/ru\/wp-json\/wp\/v2\/media?parent=54329"}],"wp:term":[{"taxonomy":"product_cat","embeddable":true,"href":"https:\/\/rezekne.citro.lv\/ru\/wp-json\/wp\/v2\/product_cat?post=54329"},{"taxonomy":"product_tag","embeddable":true,"href":"https:\/\/rezekne.citro.lv\/ru\/wp-json\/wp\/v2\/product_tag?post=54329"}],"curies":[{"name":"wp","href":"https:\/\/api.w.org\/{rel}","templated":true}]}}