{"id":54335,"date":"2026-04-23T00:15:49","date_gmt":"2026-04-22T21:15:49","guid":{"rendered":"https:\/\/rezekne.citro.lv\/veikals\/piedeva-pie-susi-marinets-ingvers-ar-saldinatajiem-fudo-200g\/"},"modified":"2026-05-14T06:01:56","modified_gmt":"2026-05-14T03:01:56","slug":"piedeva-pie-susi-marinets-ingvers-ar-saldinatajiem-fudo-200g","status":"publish","type":"product","link":"https:\/\/rezekne.citro.lv\/ru\/product\/piedeva-pie-susi-marinets-ingvers-ar-saldinatajiem-fudo-200g\/","title":{"rendered":"PIEDEVA PIE SU\u0160I MARIN\u0112TS INGVERS AR SALDIN\u0100T\u0100JIEM FUDO 200G"},"content":{"rendered":"<p>Izcelsmes valsts: \u0136\u012bna<\/p>\n","protected":false},"excerpt":{"rendered":"<p>5.95 \u20ac\/KG<\/p>\n","protected":false},"featured_media":54394,"template":"","meta":{"_acf_changed":false,"inline_featured_image":false},"product_cat":[116,237],"product_tag":[],"acf":[],"aioseo_notices":[],"_links":{"self":[{"href":"https:\/\/rezekne.citro.lv\/ru\/wp-json\/wp\/v2\/product\/54335"}],"collection":[{"href":"https:\/\/rezekne.citro.lv\/ru\/wp-json\/wp\/v2\/product"}],"about":[{"href":"https:\/\/rezekne.citro.lv\/ru\/wp-json\/wp\/v2\/types\/product"}],"wp:featuredmedia":[{"embeddable":true,"href":"https:\/\/rezekne.citro.lv\/ru\/wp-json\/wp\/v2\/media\/54394"}],"wp:attachment":[{"href":"https:\/\/rezekne.citro.lv\/ru\/wp-json\/wp\/v2\/media?parent=54335"}],"wp:term":[{"taxonomy":"product_cat","embeddable":true,"href":"https:\/\/rezekne.citro.lv\/ru\/wp-json\/wp\/v2\/product_cat?post=54335"},{"taxonomy":"product_tag","embeddable":true,"href":"https:\/\/rezekne.citro.lv\/ru\/wp-json\/wp\/v2\/product_tag?post=54335"}],"curies":[{"name":"wp","href":"https:\/\/api.w.org\/{rel}","templated":true}]}}