{"id":54340,"date":"2025-08-14T00:48:49","date_gmt":"2025-08-13T21:48:49","guid":{"rendered":"https:\/\/rezekne.citro.lv\/veikals\/garsv-citronskabe-100g-valezs\/"},"modified":"2026-05-05T06:01:26","modified_gmt":"2026-05-05T03:01:26","slug":"garsv-citronskabe-100g-valezs","status":"publish","type":"product","link":"https:\/\/rezekne.citro.lv\/ru\/product\/garsv-citronskabe-100g-valezs\/","title":{"rendered":"GAR\u0160V. CITRONSK\u0100BE 100G VALE\u017dS"},"content":{"rendered":"<p>Izcelsmes valsts: \u0136\u012bna<\/p>\n","protected":false},"excerpt":{"rendered":"<p>13.90 \u20ac\/KG<\/p>\n","protected":false},"featured_media":54392,"template":"","meta":{"_acf_changed":false,"inline_featured_image":false},"product_cat":[116,165],"product_tag":[],"acf":[],"aioseo_notices":[],"_links":{"self":[{"href":"https:\/\/rezekne.citro.lv\/ru\/wp-json\/wp\/v2\/product\/54340"}],"collection":[{"href":"https:\/\/rezekne.citro.lv\/ru\/wp-json\/wp\/v2\/product"}],"about":[{"href":"https:\/\/rezekne.citro.lv\/ru\/wp-json\/wp\/v2\/types\/product"}],"wp:featuredmedia":[{"embeddable":true,"href":"https:\/\/rezekne.citro.lv\/ru\/wp-json\/wp\/v2\/media\/54392"}],"wp:attachment":[{"href":"https:\/\/rezekne.citro.lv\/ru\/wp-json\/wp\/v2\/media?parent=54340"}],"wp:term":[{"taxonomy":"product_cat","embeddable":true,"href":"https:\/\/rezekne.citro.lv\/ru\/wp-json\/wp\/v2\/product_cat?post=54340"},{"taxonomy":"product_tag","embeddable":true,"href":"https:\/\/rezekne.citro.lv\/ru\/wp-json\/wp\/v2\/product_tag?post=54340"}],"curies":[{"name":"wp","href":"https:\/\/api.w.org\/{rel}","templated":true}]}}