{"id":54345,"date":"2024-09-28T00:11:03","date_gmt":"2024-09-27T21:11:03","guid":{"rendered":"https:\/\/rezekne.citro.lv\/veikals\/garsv-sinepju-graudinos-20g-valezs\/"},"modified":"2026-04-04T06:01:58","modified_gmt":"2026-04-04T03:01:58","slug":"garsv-sinepju-graudinos-20g-valezs","status":"publish","type":"product","link":"https:\/\/rezekne.citro.lv\/ru\/product\/garsv-sinepju-graudinos-20g-valezs\/","title":{"rendered":"GAR\u0160V. SINEPJU GRAUDI\u0145OS 20G VALE\u017dS"},"content":{"rendered":"<p>Izcelsmes valsts: Polija<\/p>\n","protected":false},"excerpt":{"rendered":"<p>14.50 \u20ac\/KG<\/p>\n","protected":false},"featured_media":31877,"template":"","meta":{"_acf_changed":false,"inline_featured_image":false},"product_cat":[116,165],"product_tag":[],"acf":[],"aioseo_notices":[],"_links":{"self":[{"href":"https:\/\/rezekne.citro.lv\/ru\/wp-json\/wp\/v2\/product\/54345"}],"collection":[{"href":"https:\/\/rezekne.citro.lv\/ru\/wp-json\/wp\/v2\/product"}],"about":[{"href":"https:\/\/rezekne.citro.lv\/ru\/wp-json\/wp\/v2\/types\/product"}],"wp:featuredmedia":[{"embeddable":true,"href":"https:\/\/rezekne.citro.lv\/ru\/wp-json\/wp\/v2\/media\/31877"}],"wp:attachment":[{"href":"https:\/\/rezekne.citro.lv\/ru\/wp-json\/wp\/v2\/media?parent=54345"}],"wp:term":[{"taxonomy":"product_cat","embeddable":true,"href":"https:\/\/rezekne.citro.lv\/ru\/wp-json\/wp\/v2\/product_cat?post=54345"},{"taxonomy":"product_tag","embeddable":true,"href":"https:\/\/rezekne.citro.lv\/ru\/wp-json\/wp\/v2\/product_tag?post=54345"}],"curies":[{"name":"wp","href":"https:\/\/api.w.org\/{rel}","templated":true}]}}