{"id":54351,"date":"2024-09-10T10:11:40","date_gmt":"2024-09-10T07:11:40","guid":{"rendered":"https:\/\/rezekne.citro.lv\/veikals\/apsara-teja-zala-eksotika-100g\/"},"modified":"2024-09-10T10:11:41","modified_gmt":"2024-09-10T07:11:41","slug":"apsara-teja-zala-eksotika-100g","status":"publish","type":"product","link":"https:\/\/rezekne.citro.lv\/ru\/product\/apsara-teja-zala-eksotika-100g\/","title":{"rendered":"APSARA T\u0112JA ZA\u013b\u0100 EKSOTIKA 100G"},"content":{"rendered":"<p>Izcelsmes valsts: Latvija<\/p>\n","protected":false},"excerpt":{"rendered":"<p>25.90 \u20ac\/KG<\/p>\n","protected":false},"featured_media":68928,"template":"","meta":{"_acf_changed":false,"inline_featured_image":false},"product_cat":[142,143],"product_tag":[],"acf":[],"aioseo_notices":[],"_links":{"self":[{"href":"https:\/\/rezekne.citro.lv\/ru\/wp-json\/wp\/v2\/product\/54351"}],"collection":[{"href":"https:\/\/rezekne.citro.lv\/ru\/wp-json\/wp\/v2\/product"}],"about":[{"href":"https:\/\/rezekne.citro.lv\/ru\/wp-json\/wp\/v2\/types\/product"}],"wp:featuredmedia":[{"embeddable":true,"href":"https:\/\/rezekne.citro.lv\/ru\/wp-json\/wp\/v2\/media\/68928"}],"wp:attachment":[{"href":"https:\/\/rezekne.citro.lv\/ru\/wp-json\/wp\/v2\/media?parent=54351"}],"wp:term":[{"taxonomy":"product_cat","embeddable":true,"href":"https:\/\/rezekne.citro.lv\/ru\/wp-json\/wp\/v2\/product_cat?post=54351"},{"taxonomy":"product_tag","embeddable":true,"href":"https:\/\/rezekne.citro.lv\/ru\/wp-json\/wp\/v2\/product_tag?post=54351"}],"curies":[{"name":"wp","href":"https:\/\/api.w.org\/{rel}","templated":true}]}}