{"id":54352,"date":"2026-04-23T00:15:56","date_gmt":"2026-04-22T21:15:56","guid":{"rendered":"https:\/\/rezekne.citro.lv\/veikals\/garsv-vidusjuras-garsaugu-maisijums-santa-maria-12g\/"},"modified":"2026-05-15T06:01:34","modified_gmt":"2026-05-15T03:01:34","slug":"garsv-vidusjuras-garsaugu-maisijums-santa-maria-12g","status":"publish","type":"product","link":"https:\/\/rezekne.citro.lv\/ru\/product\/garsv-vidusjuras-garsaugu-maisijums-santa-maria-12g\/","title":{"rendered":"GAR\u0160V. VIDUSJ\u016aRAS GAR\u0160AUGU MAIS\u012aJUMS SANTA MARIA 12G"},"content":{"rendered":"<p>Izcelsmes valsts: Igaunija<\/p>\n","protected":false},"excerpt":{"rendered":"<p>62.50 \u20ac\/KG<\/p>\n","protected":false},"featured_media":54357,"template":"","meta":{"_acf_changed":false,"inline_featured_image":false},"product_cat":[116,165],"product_tag":[],"acf":[],"aioseo_notices":[],"_links":{"self":[{"href":"https:\/\/rezekne.citro.lv\/ru\/wp-json\/wp\/v2\/product\/54352"}],"collection":[{"href":"https:\/\/rezekne.citro.lv\/ru\/wp-json\/wp\/v2\/product"}],"about":[{"href":"https:\/\/rezekne.citro.lv\/ru\/wp-json\/wp\/v2\/types\/product"}],"wp:featuredmedia":[{"embeddable":true,"href":"https:\/\/rezekne.citro.lv\/ru\/wp-json\/wp\/v2\/media\/54357"}],"wp:attachment":[{"href":"https:\/\/rezekne.citro.lv\/ru\/wp-json\/wp\/v2\/media?parent=54352"}],"wp:term":[{"taxonomy":"product_cat","embeddable":true,"href":"https:\/\/rezekne.citro.lv\/ru\/wp-json\/wp\/v2\/product_cat?post=54352"},{"taxonomy":"product_tag","embeddable":true,"href":"https:\/\/rezekne.citro.lv\/ru\/wp-json\/wp\/v2\/product_tag?post=54352"}],"curies":[{"name":"wp","href":"https:\/\/api.w.org\/{rel}","templated":true}]}}