{"id":54405,"date":"2026-01-06T00:02:10","date_gmt":"2026-01-05T22:02:10","guid":{"rendered":"https:\/\/rezekne.citro.lv\/veikals\/piparkuka-50g\/"},"modified":"2026-01-06T00:02:11","modified_gmt":"2026-01-05T22:02:11","slug":"piparkuka-50g","status":"publish","type":"product","link":"https:\/\/rezekne.citro.lv\/ru\/product\/piparkuka-50g\/","title":{"rendered":"PIPARK\u016aKA 50G"},"content":{"rendered":"<p>Izcelsmes valsts: Latvija<br \/>Sast\u0101vda\u013cas:KVIE\u0160U MILTI, p\u016bdercukurs(p\u016bdercukurs, pretsalipes viela:glikoze ); margar\u012bns bez hidrogen\u0113tiem taukiem {augu e\u013c\u013cas (palmu, saulespu\u0137u), \u016bdens, emulgatori (E471-mono un glicer\u012bdi tauksk\u0101bju),s\u0101ls, sk\u0101buma regul\u0113t\u0101js (citronsk\u0101be), konservants- (sorb\u0101ts k\u0101lija),aromatiz\u0113t\u0101js,p\u0101rtikas kr\u0101sviela E160a}: \u016bdens, mie\u017eu iesala ekstrakts(MIE\u017dU iesals, MIE\u017dI, \u016bdens), pild\u012bjums ar medus gar\u0161u(( cukurs 80%, \u016bdens, sk\u0101buma regul\u0113t\u0101js: E330; aromatiz\u0113t\u0101js)); cepamais pulveris(KVIE\u0160U milti, irdin\u0101t\u0101ji: E500ii, E450i,  sk\u0101buma regul\u0113t\u0101js: E330); ziemassv\u0113tku gar\u0161vielu mix1.5%(koriandra s\u0113klas, kan\u0113lis, ingvers, krustnagli\u0146as,  fenhe\u013ca s\u0113klas, muskatrieksts, muskat zieds.Produkts var satur\u0113t selerija, sinepju, sezama s\u0113klu, riekstu, piena, lipekli saturo\u0161u graudaugu un to produktu da\u013ci\u0146as): OLAS; cukura zirn\u012b\u0161ii mix((cukurs, glikozes s\u012brups,dekstr\u012bna(topiokas),  kr\u0101svielas: E100, E120, E160a, E160b;E133, E171,  glaz\u0113t\u0101jviela: E901, E553b, kokosriekstu tauki(nehidrogen\u0113ti), aromatiz\u0113t\u0101js(citronu));citronsk\u0101be E330 Uzglab\u0101\u0161anas temperat\u016bra +20-+25C  Inform\u0101cija par uzturv\u0113rt\u012bbu:  100 g produkta satur: ener\u0123\u0113tisk\u0101 v\u0113rt\u012bba 1676 kJ \/ 399kcal; tauki 14.2g, tostarp pies\u0101tin\u0101t\u0101s tauksk\u0101bes 3.7g; og\u013chidr\u0101ti 61.3g, tostarp cukuri 3.1g; \u0161\u0137iedrvielas 2.1g; olbaltumvielas 5.4g; s\u0101ls 0.7g.<\/p>\n","protected":false},"excerpt":{"rendered":"<p>11.00 \u20ac\/KG<\/p>\n","protected":false},"featured_media":54621,"template":"","meta":{"_acf_changed":false,"inline_featured_image":false},"product_cat":[113,221],"product_tag":[],"acf":[],"aioseo_notices":[],"_links":{"self":[{"href":"https:\/\/rezekne.citro.lv\/ru\/wp-json\/wp\/v2\/product\/54405"}],"collection":[{"href":"https:\/\/rezekne.citro.lv\/ru\/wp-json\/wp\/v2\/product"}],"about":[{"href":"https:\/\/rezekne.citro.lv\/ru\/wp-json\/wp\/v2\/types\/product"}],"wp:featuredmedia":[{"embeddable":true,"href":"https:\/\/rezekne.citro.lv\/ru\/wp-json\/wp\/v2\/media\/54621"}],"wp:attachment":[{"href":"https:\/\/rezekne.citro.lv\/ru\/wp-json\/wp\/v2\/media?parent=54405"}],"wp:term":[{"taxonomy":"product_cat","embeddable":true,"href":"https:\/\/rezekne.citro.lv\/ru\/wp-json\/wp\/v2\/product_cat?post=54405"},{"taxonomy":"product_tag","embeddable":true,"href":"https:\/\/rezekne.citro.lv\/ru\/wp-json\/wp\/v2\/product_tag?post=54405"}],"curies":[{"name":"wp","href":"https:\/\/api.w.org\/{rel}","templated":true}]}}