{"id":54407,"date":"2026-04-09T00:06:53","date_gmt":"2026-04-08T21:06:53","guid":{"rendered":"https:\/\/rezekne.citro.lv\/veikals\/cipsi-jersikas-ar-krabi-un-vidusjuras-garsvielam-90g\/"},"modified":"2026-04-14T06:04:29","modified_gmt":"2026-04-14T03:04:29","slug":"cipsi-jersikas-ar-krabi-un-vidusjuras-garsvielam-90g","status":"publish","type":"product","link":"https:\/\/rezekne.citro.lv\/ru\/product\/cipsi-jersikas-ar-krabi-un-vidusjuras-garsvielam-90g\/","title":{"rendered":"\u010cIPSI JERSIKAS AR KRABI UN VIDUSJ\u016aRAS GAR\u0160VIEL\u0100M 90G"},"content":{"rendered":"","protected":false},"excerpt":{"rendered":"<p>17.22 \u20ac\/KG<\/p>\n","protected":false},"featured_media":54533,"template":"","meta":{"_acf_changed":false,"inline_featured_image":false},"product_cat":[125,191],"product_tag":[],"acf":[],"aioseo_notices":[],"_links":{"self":[{"href":"https:\/\/rezekne.citro.lv\/ru\/wp-json\/wp\/v2\/product\/54407"}],"collection":[{"href":"https:\/\/rezekne.citro.lv\/ru\/wp-json\/wp\/v2\/product"}],"about":[{"href":"https:\/\/rezekne.citro.lv\/ru\/wp-json\/wp\/v2\/types\/product"}],"wp:featuredmedia":[{"embeddable":true,"href":"https:\/\/rezekne.citro.lv\/ru\/wp-json\/wp\/v2\/media\/54533"}],"wp:attachment":[{"href":"https:\/\/rezekne.citro.lv\/ru\/wp-json\/wp\/v2\/media?parent=54407"}],"wp:term":[{"taxonomy":"product_cat","embeddable":true,"href":"https:\/\/rezekne.citro.lv\/ru\/wp-json\/wp\/v2\/product_cat?post=54407"},{"taxonomy":"product_tag","embeddable":true,"href":"https:\/\/rezekne.citro.lv\/ru\/wp-json\/wp\/v2\/product_tag?post=54407"}],"curies":[{"name":"wp","href":"https:\/\/api.w.org\/{rel}","templated":true}]}}