{"id":54416,"date":"2025-01-24T00:10:58","date_gmt":"2025-01-23T22:10:58","guid":{"rendered":"https:\/\/rezekne.citro.lv\/veikals\/ziemassvetku-eglite-sniega-240g\/"},"modified":"2025-01-30T09:26:46","modified_gmt":"2025-01-30T07:26:46","slug":"ziemassvetku-eglite-sniega-240g","status":"publish","type":"product","link":"https:\/\/rezekne.citro.lv\/ru\/product\/ziemassvetku-eglite-sniega-240g\/","title":{"rendered":"ZIEMASSV\u0112TKU EGL\u012aTE SNIEG\u0100 240G"},"content":{"rendered":"<p>Izcelsmes valsts: Latvija<br \/>Sast\u0101vda\u013cas: sausais mais\u012bjums  ar pipark\u016bku gar\u0161u ((KVIE\u0160U milti, cukurs, glikozes s\u012brups, KVIE\u0160U ciete, kr\u0101sviela: E150c: gar\u0161vielu mais\u012bjums, PIENA olbaltumvielas, irdin\u0101t\u0101ji: E500ii, E450i: s\u0101ls, aromatiz\u0113t\u0101js, emulgators: E471: stabiliz\u0113t\u0101js: E415. Var satur\u0113t OLU , SOJAS,SEZAMA s\u0113klu produktu da\u013ci\u0146as)); OLAS; multiaug\u013cu marmel\u0101de ((\u0101bolu biezenis; aroniju biezenis; upe\u0146u biezenis; cukurs, \u0161\u0137iedras-\u0101bolu,aroniju, upe\u0146u; sk\u0101buma regul\u0113t\u0101js:citronsk\u0101be E330; konservants: k\u0101lija sorb\u0101ts E202,n\u0101trija benzo\u0101ts E211,aromatiz\u0113t\u0101ji));rap\u0161u e\u013c\u013ca rafin\u0113ta; \u016bdens; p\u016bdercukurs(p\u016bdercukurs, pretsalipes viela:glikoze); kokosriekstu skaidi\u0146as(vid\u0113jas kokosa skaidi\u0146as.Var izsaukt alergiju); dekor\u017eeleja kivi((cukurs, \u016bdens,glikozes s\u012brups,kivi biezenis 5%, biezin\u0101t\u0101js:(E440ii,E407, E341iii), antioksidants askorbinsk\u0101be, sk\u0101buma regulat\u0101js: citronsk\u0101be(E330), konservantsE202, kr\u0101svielas:E141,E100, aromatiz\u0113t\u0101js.Produkts var satur\u0113t PIENU)); dekor\u017eeleja zeme\u0146u((glikozes-fruktozes s\u012brups, cukurs, \u016bdens, zeme\u0146u biezenis (3%),recinat\u0101js E440, modific\u0113ta ciete, sk\u0101buma regul\u0113t\u0101js: E330,E331,stabiliz\u0113t\u0101js E509, kr\u0101svielas: E120 E160a, E150a, aromatiz\u0113t\u0101js, konservants: E202.Var satur\u0113t piena da\u013ci\u0146as)); dekor\u017eeleja mandar\u012bnu((glikozes-fruktozes s\u012brups; cukurs;  \u016bdens; cukurotu mandar\u012bnu pasta 5%,(cukurs, cukurotu mandar\u012bnu miza, mandar\u012bnu sula, esences e\u013c\u013ca),rehidr\u0113ta apels\u012bnu sula,recin\u0101t\u0101jsE440, modific\u0113ta ciete, sk\u0101buma regul\u0113t\u0101js:E330,E331,stabiliz\u0113t\u0101js E509, aromatiz\u0113t\u0101js, konservants: E202. Produkts var satur\u0113t PIENU un to produktu da\u013ci\u0146as));  Uzglab\u0101\u0161anas temperat\u016bra +20+25C Inform\u0101cija par uzturv\u0113rt\u012bbu: 100 g produkta satur: ener\u0123\u0113tisk\u0101 v\u0113rt\u012bba 1543 kJ \/ 368kcal; tauki 16.1g, tostarp pies\u0101tin\u0101t\u0101s tauksk\u0101bes 3g; og\u013chidr\u0101ti 51.1g, tostarp cukuri 23.3g; \u0161\u0137iedrvielas 0.9g; olbaltumvielas 4.2g; s\u0101ls 0.2g.<\/p>\n","protected":false},"excerpt":{"rendered":"<p>Izcelsmes valsts: LatvijaSast\u0101vda\u013cas: sausais mais\u012bjums ar pipark\u016bku gar\u0161u ((KVIE\u0160U milti, cukurs, glikozes s\u012brups, KVIE\u0160U ciete, kr\u0101sviela: E150c: gar\u0161vielu mais\u012bjums, PIENA olbaltumvielas, irdin\u0101t\u0101ji: E500ii, E450i: s\u0101ls, aromatiz\u0113t\u0101js, emulgators: E471: stabiliz\u0113t\u0101js: E415. Var satur\u0113t OLU , SOJAS,SEZAMA s\u0113klu produktu da\u013ci\u0146as)); OLAS; multiaug\u013cu marmel\u0101de ((\u0101bolu biezenis; aroniju biezenis; upe\u0146u biezenis; cukurs, \u0161\u0137iedras-\u0101bolu,aroniju, upe\u0146u; sk\u0101buma regul\u0113t\u0101js:citronsk\u0101be E330; konservants: k\u0101lija [&hellip;]<\/p>\n","protected":false},"featured_media":54618,"template":"","meta":{"_acf_changed":false,"inline_featured_image":false},"product_cat":[109,220,113,221],"product_tag":[],"acf":[],"aioseo_notices":[],"_links":{"self":[{"href":"https:\/\/rezekne.citro.lv\/ru\/wp-json\/wp\/v2\/product\/54416"}],"collection":[{"href":"https:\/\/rezekne.citro.lv\/ru\/wp-json\/wp\/v2\/product"}],"about":[{"href":"https:\/\/rezekne.citro.lv\/ru\/wp-json\/wp\/v2\/types\/product"}],"wp:featuredmedia":[{"embeddable":true,"href":"https:\/\/rezekne.citro.lv\/ru\/wp-json\/wp\/v2\/media\/54618"}],"wp:attachment":[{"href":"https:\/\/rezekne.citro.lv\/ru\/wp-json\/wp\/v2\/media?parent=54416"}],"wp:term":[{"taxonomy":"product_cat","embeddable":true,"href":"https:\/\/rezekne.citro.lv\/ru\/wp-json\/wp\/v2\/product_cat?post=54416"},{"taxonomy":"product_tag","embeddable":true,"href":"https:\/\/rezekne.citro.lv\/ru\/wp-json\/wp\/v2\/product_tag?post=54416"}],"curies":[{"name":"wp","href":"https:\/\/api.w.org\/{rel}","templated":true}]}}