{"id":54418,"date":"2026-04-09T00:06:24","date_gmt":"2026-04-08T21:06:24","guid":{"rendered":"https:\/\/rezekne.citro.lv\/veikals\/siers-lazur-ar-pelejumu-skelites-100g\/"},"modified":"2026-04-09T00:06:29","modified_gmt":"2026-04-08T21:06:29","slug":"siers-lazur-ar-pelejumu-skelites-100g","status":"publish","type":"product","link":"https:\/\/rezekne.citro.lv\/ru\/product\/siers-lazur-ar-pelejumu-skelites-100g\/","title":{"rendered":"SIERS LAZUR AR PEL\u0112JUMU \u0160\u0136\u0112L\u012aT\u0112S 100G"},"content":{"rendered":"<p>Izcelsmes valsts: Polija<\/p>\n","protected":false},"excerpt":{"rendered":"<p>19.90 \u20ac\/KG<\/p>\n","protected":false},"featured_media":54460,"template":"","meta":{"_acf_changed":false,"inline_featured_image":false},"product_cat":[95,224],"product_tag":[],"acf":[],"aioseo_notices":[],"_links":{"self":[{"href":"https:\/\/rezekne.citro.lv\/ru\/wp-json\/wp\/v2\/product\/54418"}],"collection":[{"href":"https:\/\/rezekne.citro.lv\/ru\/wp-json\/wp\/v2\/product"}],"about":[{"href":"https:\/\/rezekne.citro.lv\/ru\/wp-json\/wp\/v2\/types\/product"}],"wp:featuredmedia":[{"embeddable":true,"href":"https:\/\/rezekne.citro.lv\/ru\/wp-json\/wp\/v2\/media\/54460"}],"wp:attachment":[{"href":"https:\/\/rezekne.citro.lv\/ru\/wp-json\/wp\/v2\/media?parent=54418"}],"wp:term":[{"taxonomy":"product_cat","embeddable":true,"href":"https:\/\/rezekne.citro.lv\/ru\/wp-json\/wp\/v2\/product_cat?post=54418"},{"taxonomy":"product_tag","embeddable":true,"href":"https:\/\/rezekne.citro.lv\/ru\/wp-json\/wp\/v2\/product_tag?post=54418"}],"curies":[{"name":"wp","href":"https:\/\/api.w.org\/{rel}","templated":true}]}}