{"id":54423,"date":"2026-04-09T00:02:57","date_gmt":"2026-04-08T21:02:57","guid":{"rendered":"https:\/\/rezekne.citro.lv\/veikals\/siers-ar-pelejumu-lazur-gold-sk-110g\/"},"modified":"2026-04-19T06:00:56","modified_gmt":"2026-04-19T03:00:56","slug":"siers-ar-pelejumu-lazur-gold-sk-110g","status":"publish","type":"product","link":"https:\/\/rezekne.citro.lv\/ru\/product\/siers-ar-pelejumu-lazur-gold-sk-110g\/","title":{"rendered":"SIERS AR PEL\u0112JUMU LAZUR GOLD \u0160\u0136.110G"},"content":{"rendered":"<p>Izcelsmes valsts: Polija<\/p>\n","protected":false},"excerpt":{"rendered":"<p>18.09 \u20ac\/KG<\/p>\n","protected":false},"featured_media":54536,"template":"","meta":{"_acf_changed":false,"inline_featured_image":false},"product_cat":[95,224],"product_tag":[],"acf":[],"aioseo_notices":[],"_links":{"self":[{"href":"https:\/\/rezekne.citro.lv\/ru\/wp-json\/wp\/v2\/product\/54423"}],"collection":[{"href":"https:\/\/rezekne.citro.lv\/ru\/wp-json\/wp\/v2\/product"}],"about":[{"href":"https:\/\/rezekne.citro.lv\/ru\/wp-json\/wp\/v2\/types\/product"}],"wp:featuredmedia":[{"embeddable":true,"href":"https:\/\/rezekne.citro.lv\/ru\/wp-json\/wp\/v2\/media\/54536"}],"wp:attachment":[{"href":"https:\/\/rezekne.citro.lv\/ru\/wp-json\/wp\/v2\/media?parent=54423"}],"wp:term":[{"taxonomy":"product_cat","embeddable":true,"href":"https:\/\/rezekne.citro.lv\/ru\/wp-json\/wp\/v2\/product_cat?post=54423"},{"taxonomy":"product_tag","embeddable":true,"href":"https:\/\/rezekne.citro.lv\/ru\/wp-json\/wp\/v2\/product_tag?post=54423"}],"curies":[{"name":"wp","href":"https:\/\/api.w.org\/{rel}","templated":true}]}}