{"id":54438,"date":"2026-04-09T00:02:57","date_gmt":"2026-04-08T21:02:57","guid":{"rendered":"https:\/\/rezekne.citro.lv\/veikals\/marmelade-asorti-kg-nml\/"},"modified":"2026-04-22T06:00:52","modified_gmt":"2026-04-22T03:00:52","slug":"marmelade-asorti-kg-nml","status":"publish","type":"product","link":"https:\/\/rezekne.citro.lv\/ru\/product\/marmelade-asorti-kg-nml\/","title":{"rendered":"MARMEL\u0100DE ASORTI KG NML"},"content":{"rendered":"<p>Izcelsmes valsts: Latvija<br \/>Sast\u0101vda\u013cas: cukurs,glikozes s\u012brups,recin\u0101t\u0101js (pekt\u012bns) sk\u0101bumaregul\u0113t\u0101js,citronsk\u0101be,aromatiz\u0113t\u0101ji,apels\u012bnu,b\u0101rbe\u013cu,citronu,abolu dab\u012bgas KR\u0100SVIELAS no aug\u013ciem un d\u0101rze\u0146iem  Uzgl. +18C Ra\u017eots: Latvij\u0101<\/p>\n","protected":false},"excerpt":{"rendered":"<p>4.59 \u20ac\/KG<\/p>\n","protected":false},"featured_media":54450,"template":"","meta":{"_acf_changed":false,"inline_featured_image":false},"product_cat":[125,201],"product_tag":[],"acf":[],"aioseo_notices":[],"_links":{"self":[{"href":"https:\/\/rezekne.citro.lv\/ru\/wp-json\/wp\/v2\/product\/54438"}],"collection":[{"href":"https:\/\/rezekne.citro.lv\/ru\/wp-json\/wp\/v2\/product"}],"about":[{"href":"https:\/\/rezekne.citro.lv\/ru\/wp-json\/wp\/v2\/types\/product"}],"wp:featuredmedia":[{"embeddable":true,"href":"https:\/\/rezekne.citro.lv\/ru\/wp-json\/wp\/v2\/media\/54450"}],"wp:attachment":[{"href":"https:\/\/rezekne.citro.lv\/ru\/wp-json\/wp\/v2\/media?parent=54438"}],"wp:term":[{"taxonomy":"product_cat","embeddable":true,"href":"https:\/\/rezekne.citro.lv\/ru\/wp-json\/wp\/v2\/product_cat?post=54438"},{"taxonomy":"product_tag","embeddable":true,"href":"https:\/\/rezekne.citro.lv\/ru\/wp-json\/wp\/v2\/product_tag?post=54438"}],"curies":[{"name":"wp","href":"https:\/\/api.w.org\/{rel}","templated":true}]}}