{"id":54439,"date":"2026-03-26T00:04:26","date_gmt":"2026-03-25T22:04:26","guid":{"rendered":"https:\/\/rezekne.citro.lv\/veikals\/salati-galas-satigie-citro-sver\/"},"modified":"2026-04-05T06:00:36","modified_gmt":"2026-04-05T03:00:36","slug":"salati-galas-satigie-citro-sver","status":"publish","type":"product","link":"https:\/\/rezekne.citro.lv\/ru\/product\/salati-galas-satigie-citro-sver\/","title":{"rendered":"SAL\u0100TI GA\u013bAS S\u0100T\u012aGIE CITRO SVER."},"content":{"rendered":"<p>Izcelsmes valsts: Latvija<br \/>Satur saldin\u0101t\u0101ju.Sast\u0101vda\u013cas: kartupe\u013ci, majon\u0113ze ((saulespu\u0137u e\u013c\u013ca , dzeramais \u016bdens,cukurs,  OLU dzeltenums, v\u0101r\u0101m\u0101 s\u0101ls,emulgators(ciete), sk\u0101buma regul\u0113t\u0101ji (eti\u0137sk\u0101be, citronsk\u0101be),dabiskas izcelsmes stabilizatori(ksant\u0101na sve\u0137i), konservants (k\u0101lija sorb\u0101ts), aromatiz\u0113t\u0101js SINEPES, antioksidants(E385), dabig\u0101 kr\u0101sviela (B- karot\u012bns)):c\u016bkga\u013ca v\u0101r\u012bta13%:OLAS: za\u013cie zirn\u012b\u0161i (zalie zirn\u012b\u0161i(70%) , \u016bdens, s\u0101ls, cukurs):burk\u0101ni: gur\u0137i marin\u0113ti ar saldin\u0101t\u0101ju  (gur\u0137i, \u016bdens,  eti\u0137is, s\u0101ls, gar\u0161vielu ekstrakts satur SINEPES,  saldin\u0101t\u0101js sahar\u012bnsE954): gur\u0137i: s\u0101ls: sinepes((\u016bdens, SINEPJU pulveris (25.5%), cukurs, rap\u0161u e\u013c\u013ca, sk\u0101buma regul\u0113t\u0101js(eti\u0137sk\u0101be), s\u0101ls, citrusaug\u013cu \u0161\u0137iedra, gar\u0161vielas)):  gar\u0161vielas(melno piparu ekstrakts 5%, nesejviela dekstroze ): Uzglab\u0101\u0161anas temperat\u016bra,+2-+6C Inform\u0101cija par uzturv\u0113rt\u012bbu. 100 g produkta satur: ener\u0123\u0113tisk\u0101 v\u0113rt\u012bba 866 kJ \/ 209kcal; tauki 17.6g, tostarp pies\u0101tin\u0101t\u0101s tauksk\u0101bes 3.2g; og\u013chidr\u0101ti 7.1g, tostarp cukuri 1.6g; \u0161\u0137iedrvielas 1.4g; olbaltumvielas 4.9g; s\u0101ls 0.9g.Ra\u017eot\u0101js: SIA Lekon, Varo\u0146u iela 36b, R\u0113zekne<\/p>\n","protected":false},"excerpt":{"rendered":"<p>5.59 \u20ac\/KG<\/p>\n","protected":false},"featured_media":54451,"template":"","meta":{"_acf_changed":false,"inline_featured_image":false},"product_cat":[113,212],"product_tag":[],"acf":[],"aioseo_notices":[],"_links":{"self":[{"href":"https:\/\/rezekne.citro.lv\/ru\/wp-json\/wp\/v2\/product\/54439"}],"collection":[{"href":"https:\/\/rezekne.citro.lv\/ru\/wp-json\/wp\/v2\/product"}],"about":[{"href":"https:\/\/rezekne.citro.lv\/ru\/wp-json\/wp\/v2\/types\/product"}],"wp:featuredmedia":[{"embeddable":true,"href":"https:\/\/rezekne.citro.lv\/ru\/wp-json\/wp\/v2\/media\/54451"}],"wp:attachment":[{"href":"https:\/\/rezekne.citro.lv\/ru\/wp-json\/wp\/v2\/media?parent=54439"}],"wp:term":[{"taxonomy":"product_cat","embeddable":true,"href":"https:\/\/rezekne.citro.lv\/ru\/wp-json\/wp\/v2\/product_cat?post=54439"},{"taxonomy":"product_tag","embeddable":true,"href":"https:\/\/rezekne.citro.lv\/ru\/wp-json\/wp\/v2\/product_tag?post=54439"}],"curies":[{"name":"wp","href":"https:\/\/api.w.org\/{rel}","templated":true}]}}