{"id":54549,"date":"2025-08-14T00:17:29","date_gmt":"2025-08-13T21:17:29","guid":{"rendered":"https:\/\/rezekne.citro.lv\/veikals\/etikis-dabigi-raudzets-9-kok-1l\/"},"modified":"2026-01-10T06:01:03","modified_gmt":"2026-01-10T04:01:03","slug":"etikis-dabigi-raudzets-9-kok-1l","status":"publish","type":"product","link":"https:\/\/rezekne.citro.lv\/ru\/product\/etikis-dabigi-raudzets-9-kok-1l\/","title":{"rendered":"ETI\u0136IS DAB\u012aGI RAUDZ\u0112TS 9% KOK 1L"},"content":{"rendered":"<p>Izcelsmes valsts: Lietuva<\/p>\n","protected":false},"excerpt":{"rendered":"<p>1.09 \u20ac\/L<\/p>\n","protected":false},"featured_media":54612,"template":"","meta":{"_acf_changed":false,"inline_featured_image":false},"product_cat":[116,187],"product_tag":[],"acf":[],"aioseo_notices":[],"_links":{"self":[{"href":"https:\/\/rezekne.citro.lv\/ru\/wp-json\/wp\/v2\/product\/54549"}],"collection":[{"href":"https:\/\/rezekne.citro.lv\/ru\/wp-json\/wp\/v2\/product"}],"about":[{"href":"https:\/\/rezekne.citro.lv\/ru\/wp-json\/wp\/v2\/types\/product"}],"wp:featuredmedia":[{"embeddable":true,"href":"https:\/\/rezekne.citro.lv\/ru\/wp-json\/wp\/v2\/media\/54612"}],"wp:attachment":[{"href":"https:\/\/rezekne.citro.lv\/ru\/wp-json\/wp\/v2\/media?parent=54549"}],"wp:term":[{"taxonomy":"product_cat","embeddable":true,"href":"https:\/\/rezekne.citro.lv\/ru\/wp-json\/wp\/v2\/product_cat?post=54549"},{"taxonomy":"product_tag","embeddable":true,"href":"https:\/\/rezekne.citro.lv\/ru\/wp-json\/wp\/v2\/product_tag?post=54549"}],"curies":[{"name":"wp","href":"https:\/\/api.w.org\/{rel}","templated":true}]}}