{"id":54641,"date":"2026-04-02T00:02:38","date_gmt":"2026-04-01T21:02:38","guid":{"rendered":"https:\/\/rezekne.citro.lv\/veikals\/burkani-fas-1kg\/"},"modified":"2026-04-02T00:02:39","modified_gmt":"2026-04-01T21:02:39","slug":"burkani-fas-1kg","status":"publish","type":"product","link":"https:\/\/rezekne.citro.lv\/ru\/product\/burkani-fas-1kg\/","title":{"rendered":"BURK\u0100NI FAS.1KG"},"content":{"rendered":"<p>IT\u0100LIJA 2.\u0160\u0136.<\/p>\n","protected":false},"excerpt":{"rendered":"<p>0.79 \u20ac\/KG<\/p>\n","protected":false},"featured_media":54654,"template":"","meta":{"_acf_changed":false,"inline_featured_image":false},"product_cat":[97,99],"product_tag":[],"acf":[],"aioseo_notices":[],"_links":{"self":[{"href":"https:\/\/rezekne.citro.lv\/ru\/wp-json\/wp\/v2\/product\/54641"}],"collection":[{"href":"https:\/\/rezekne.citro.lv\/ru\/wp-json\/wp\/v2\/product"}],"about":[{"href":"https:\/\/rezekne.citro.lv\/ru\/wp-json\/wp\/v2\/types\/product"}],"wp:featuredmedia":[{"embeddable":true,"href":"https:\/\/rezekne.citro.lv\/ru\/wp-json\/wp\/v2\/media\/54654"}],"wp:attachment":[{"href":"https:\/\/rezekne.citro.lv\/ru\/wp-json\/wp\/v2\/media?parent=54641"}],"wp:term":[{"taxonomy":"product_cat","embeddable":true,"href":"https:\/\/rezekne.citro.lv\/ru\/wp-json\/wp\/v2\/product_cat?post=54641"},{"taxonomy":"product_tag","embeddable":true,"href":"https:\/\/rezekne.citro.lv\/ru\/wp-json\/wp\/v2\/product_tag?post=54641"}],"curies":[{"name":"wp","href":"https:\/\/api.w.org\/{rel}","templated":true}]}}