{"id":54717,"date":"2026-04-09T00:06:32","date_gmt":"2026-04-08T21:06:32","guid":{"rendered":"https:\/\/rezekne.citro.lv\/veikals\/desinas-alksnu-puszavetas-kg-rgk\/"},"modified":"2026-04-20T06:04:26","modified_gmt":"2026-04-20T03:04:26","slug":"desinas-alksnu-puszavetas-kg-rgk","status":"publish","type":"product","link":"https:\/\/rezekne.citro.lv\/ru\/product\/desinas-alksnu-puszavetas-kg-rgk\/","title":{"rendered":"DESI\u0145AS ALK\u0160\u0145U PUS\u017d\u0100V\u0112TAS KG RGK"},"content":{"rendered":"<p>Izcelsmes valsts: Latvija<br \/>Ra\u017eot\u0101js: R\u0113zeknes ga\u013cas kombin\u0101ts uzglab\u0101\u0161anas temp.+2-+6C<\/p>\n","protected":false},"excerpt":{"rendered":"<p>6.99 \u20ac\/KG<\/p>\n","protected":false},"featured_media":54742,"template":"","meta":{"_acf_changed":false,"inline_featured_image":false},"product_cat":[135,178],"product_tag":[],"acf":[],"aioseo_notices":[],"_links":{"self":[{"href":"https:\/\/rezekne.citro.lv\/ru\/wp-json\/wp\/v2\/product\/54717"}],"collection":[{"href":"https:\/\/rezekne.citro.lv\/ru\/wp-json\/wp\/v2\/product"}],"about":[{"href":"https:\/\/rezekne.citro.lv\/ru\/wp-json\/wp\/v2\/types\/product"}],"wp:featuredmedia":[{"embeddable":true,"href":"https:\/\/rezekne.citro.lv\/ru\/wp-json\/wp\/v2\/media\/54742"}],"wp:attachment":[{"href":"https:\/\/rezekne.citro.lv\/ru\/wp-json\/wp\/v2\/media?parent=54717"}],"wp:term":[{"taxonomy":"product_cat","embeddable":true,"href":"https:\/\/rezekne.citro.lv\/ru\/wp-json\/wp\/v2\/product_cat?post=54717"},{"taxonomy":"product_tag","embeddable":true,"href":"https:\/\/rezekne.citro.lv\/ru\/wp-json\/wp\/v2\/product_tag?post=54717"}],"curies":[{"name":"wp","href":"https:\/\/api.w.org\/{rel}","templated":true}]}}