{"id":54718,"date":"2024-11-07T00:43:04","date_gmt":"2024-11-06T22:43:04","guid":{"rendered":"https:\/\/rezekne.citro.lv\/veikals\/karbonade-panevezio-ar-kimenem-karsti-kup-kg\/"},"modified":"2024-12-05T06:03:39","modified_gmt":"2024-12-05T04:03:39","slug":"karbonade-panevezio-ar-kimenem-karsti-kup-kg","status":"publish","type":"product","link":"https:\/\/rezekne.citro.lv\/ru\/product\/karbonade-panevezio-ar-kimenem-karsti-kup-kg\/","title":{"rendered":"KARBON\u0100DE PANEVEZIO AR \u0136IMEN\u0112M KARSTI K\u016aP. KG"},"content":{"rendered":"<p>Izcelsmes valsts: Lietuva<\/p>\n","protected":false},"excerpt":{"rendered":"<p>11.59 \u20ac\/KG<\/p>\n","protected":false},"featured_media":54746,"template":"","meta":{"_acf_changed":false,"inline_featured_image":false},"product_cat":[135,174],"product_tag":[],"acf":[],"aioseo_notices":[],"_links":{"self":[{"href":"https:\/\/rezekne.citro.lv\/ru\/wp-json\/wp\/v2\/product\/54718"}],"collection":[{"href":"https:\/\/rezekne.citro.lv\/ru\/wp-json\/wp\/v2\/product"}],"about":[{"href":"https:\/\/rezekne.citro.lv\/ru\/wp-json\/wp\/v2\/types\/product"}],"wp:featuredmedia":[{"embeddable":true,"href":"https:\/\/rezekne.citro.lv\/ru\/wp-json\/wp\/v2\/media\/54746"}],"wp:attachment":[{"href":"https:\/\/rezekne.citro.lv\/ru\/wp-json\/wp\/v2\/media?parent=54718"}],"wp:term":[{"taxonomy":"product_cat","embeddable":true,"href":"https:\/\/rezekne.citro.lv\/ru\/wp-json\/wp\/v2\/product_cat?post=54718"},{"taxonomy":"product_tag","embeddable":true,"href":"https:\/\/rezekne.citro.lv\/ru\/wp-json\/wp\/v2\/product_tag?post=54718"}],"curies":[{"name":"wp","href":"https:\/\/api.w.org\/{rel}","templated":true}]}}