{"id":54754,"date":"2026-03-26T00:32:37","date_gmt":"2026-03-25T22:32:37","guid":{"rendered":"https:\/\/rezekne.citro.lv\/veikals\/konf-karba-pergale-konfeksu-izlase-classic-ar-tumso-sokoladi-114g\/"},"modified":"2026-03-26T00:32:38","modified_gmt":"2026-03-25T22:32:38","slug":"konf-karba-pergale-konfeksu-izlase-classic-ar-tumso-sokoladi-114g","status":"publish","type":"product","link":"https:\/\/rezekne.citro.lv\/ru\/product\/konf-karba-pergale-konfeksu-izlase-classic-ar-tumso-sokoladi-114g\/","title":{"rendered":"KONF.K\u0100RBA PERGALE KONFEK\u0160U IZLASE CLASSIC AR TUM\u0160O \u0160OKOL\u0100DI 114G"},"content":{"rendered":"<p>Izcelsmes valsts: Lietuva<\/p>\n","protected":false},"excerpt":{"rendered":"<p>28.86 \u20ac\/KG<\/p>\n","protected":false},"featured_media":54814,"template":"","meta":{"_acf_changed":false,"inline_featured_image":false},"product_cat":[125,200],"product_tag":[],"acf":[],"aioseo_notices":[],"_links":{"self":[{"href":"https:\/\/rezekne.citro.lv\/ru\/wp-json\/wp\/v2\/product\/54754"}],"collection":[{"href":"https:\/\/rezekne.citro.lv\/ru\/wp-json\/wp\/v2\/product"}],"about":[{"href":"https:\/\/rezekne.citro.lv\/ru\/wp-json\/wp\/v2\/types\/product"}],"wp:featuredmedia":[{"embeddable":true,"href":"https:\/\/rezekne.citro.lv\/ru\/wp-json\/wp\/v2\/media\/54814"}],"wp:attachment":[{"href":"https:\/\/rezekne.citro.lv\/ru\/wp-json\/wp\/v2\/media?parent=54754"}],"wp:term":[{"taxonomy":"product_cat","embeddable":true,"href":"https:\/\/rezekne.citro.lv\/ru\/wp-json\/wp\/v2\/product_cat?post=54754"},{"taxonomy":"product_tag","embeddable":true,"href":"https:\/\/rezekne.citro.lv\/ru\/wp-json\/wp\/v2\/product_tag?post=54754"}],"curies":[{"name":"wp","href":"https:\/\/api.w.org\/{rel}","templated":true}]}}