{"id":54757,"date":"2026-04-23T00:34:15","date_gmt":"2026-04-22T21:34:15","guid":{"rendered":"https:\/\/rezekne.citro.lv\/veikals\/zemesrieksti-grauzdeti-ar-sali-arimex-500g\/"},"modified":"2026-04-24T06:04:13","modified_gmt":"2026-04-24T03:04:13","slug":"zemesrieksti-grauzdeti-ar-sali-arimex-500g","status":"publish","type":"product","link":"https:\/\/rezekne.citro.lv\/ru\/product\/zemesrieksti-grauzdeti-ar-sali-arimex-500g\/","title":{"rendered":"ZEMESRIEKSTI GRAUZD\u0112TI AR S\u0100LI ARIMEX 500G"},"content":{"rendered":"<p>Izcelsmes valsts: Argent\u012bna<\/p>\n","protected":false},"excerpt":{"rendered":"<p>4.78 \u20ac\/KG<\/p>\n","protected":false},"featured_media":31179,"template":"","meta":{"_acf_changed":false,"inline_featured_image":false},"product_cat":[125,202],"product_tag":[],"acf":[],"aioseo_notices":[],"_links":{"self":[{"href":"https:\/\/rezekne.citro.lv\/ru\/wp-json\/wp\/v2\/product\/54757"}],"collection":[{"href":"https:\/\/rezekne.citro.lv\/ru\/wp-json\/wp\/v2\/product"}],"about":[{"href":"https:\/\/rezekne.citro.lv\/ru\/wp-json\/wp\/v2\/types\/product"}],"wp:featuredmedia":[{"embeddable":true,"href":"https:\/\/rezekne.citro.lv\/ru\/wp-json\/wp\/v2\/media\/31179"}],"wp:attachment":[{"href":"https:\/\/rezekne.citro.lv\/ru\/wp-json\/wp\/v2\/media?parent=54757"}],"wp:term":[{"taxonomy":"product_cat","embeddable":true,"href":"https:\/\/rezekne.citro.lv\/ru\/wp-json\/wp\/v2\/product_cat?post=54757"},{"taxonomy":"product_tag","embeddable":true,"href":"https:\/\/rezekne.citro.lv\/ru\/wp-json\/wp\/v2\/product_tag?post=54757"}],"curies":[{"name":"wp","href":"https:\/\/api.w.org\/{rel}","templated":true}]}}