{"id":54793,"date":"2026-03-12T00:05:21","date_gmt":"2026-03-11T22:05:21","guid":{"rendered":"https:\/\/rezekne.citro.lv\/veikals\/stoveti-kaposti500g\/"},"modified":"2026-03-31T06:04:02","modified_gmt":"2026-03-31T03:04:02","slug":"stoveti-kaposti-citro-500g","status":"publish","type":"product","link":"https:\/\/rezekne.citro.lv\/ru\/product\/stoveti-kaposti-citro-500g\/","title":{"rendered":"\u0160TOV\u0112TI K\u0100POSTI CITRO 500G"},"content":{"rendered":"<p>Izcelsmes valsts: Latvija<br \/>Sast\u0101vda\u013cas: sk\u0101b\u0113ti k\u0101posti 35.1%(k\u0101posti89%, burk\u0101ni, s\u0101ls, cukurs, \u0137imenes):svaigi k\u0101posti 35.1%: burk\u0101ni: s\u012bpoli:\u016bdens:tom\u0101tu pasta (tom\u0101ti, s\u0101ls): tom\u0101tu m\u0113rce((tom\u0101tu biezenis 74%, \u016bdens, cukurs, modific\u0113ta ciete, s\u0101ls, gar\u0161vielas(tostarp \u0137iploki, oregano), konservanti(k\u0101lija sorb\u0101ts, n\u0101trija benzo\u0101ts), sk\u0101buma regul\u0113t\u0101js-eti\u0137sk\u0101be: cukurs;rafin\u0113ta saulespu\u0137u e\u013c\u013ca:\u0137iploki:s\u0101ls;gar\u0161vielas.Uzglab\u0101\u0161anas temperat\u016bra.+2-+6C Inform\u0101cija par uzturv\u0113rt\u012bbu: 100 g produkta satur: ener\u0123\u0113tisk\u0101 v\u0113rt\u012bba 239 kJ \/ 57kcal; tauki 1.6g, tostarp pies\u0101tin\u0101t\u0101s tauksk\u0101bes 0.2g; og\u013chidr\u0101ti 8.1g, tostarp cukuri 7g; \u0161\u0137iedrvielas 2.5g; olbaltumvielas 1.3g; s\u0101ls 1g.<\/p>\n","protected":false},"excerpt":{"rendered":"<p>3.78 \u20ac\/KG<\/p>\n","protected":false},"featured_media":71745,"template":"","meta":{"_acf_changed":false,"inline_featured_image":false},"product_cat":[97,159,113,566],"product_tag":[],"acf":[],"aioseo_notices":[],"_links":{"self":[{"href":"https:\/\/rezekne.citro.lv\/ru\/wp-json\/wp\/v2\/product\/54793"}],"collection":[{"href":"https:\/\/rezekne.citro.lv\/ru\/wp-json\/wp\/v2\/product"}],"about":[{"href":"https:\/\/rezekne.citro.lv\/ru\/wp-json\/wp\/v2\/types\/product"}],"wp:featuredmedia":[{"embeddable":true,"href":"https:\/\/rezekne.citro.lv\/ru\/wp-json\/wp\/v2\/media\/71745"}],"wp:attachment":[{"href":"https:\/\/rezekne.citro.lv\/ru\/wp-json\/wp\/v2\/media?parent=54793"}],"wp:term":[{"taxonomy":"product_cat","embeddable":true,"href":"https:\/\/rezekne.citro.lv\/ru\/wp-json\/wp\/v2\/product_cat?post=54793"},{"taxonomy":"product_tag","embeddable":true,"href":"https:\/\/rezekne.citro.lv\/ru\/wp-json\/wp\/v2\/product_tag?post=54793"}],"curies":[{"name":"wp","href":"https:\/\/api.w.org\/{rel}","templated":true}]}}