{"id":54907,"date":"2026-04-23T00:34:21","date_gmt":"2026-04-22T21:34:21","guid":{"rendered":"https:\/\/rezekne.citro.lv\/veikals\/konfektes-chewits-kosl-blue-rasberry-30g\/"},"modified":"2026-05-03T06:04:03","modified_gmt":"2026-05-03T03:04:03","slug":"konfektes-chewits-kosl-blue-rasberry-30g","status":"publish","type":"product","link":"https:\/\/rezekne.citro.lv\/ru\/product\/konfektes-chewits-kosl-blue-rasberry-30g\/","title":{"rendered":"KONFEKTES CHEWITS KO\u0160\u013b. BLUE RASBERRY 30G"},"content":{"rendered":"<p>Izcelsmes valsts: Slov\u0101kija<\/p>\n","protected":false},"excerpt":{"rendered":"<p>18.33 \u20ac\/KG<\/p>\n","protected":false},"featured_media":54912,"template":"","meta":{"_acf_changed":false,"inline_featured_image":false},"product_cat":[125,201],"product_tag":[],"acf":[],"aioseo_notices":[],"_links":{"self":[{"href":"https:\/\/rezekne.citro.lv\/ru\/wp-json\/wp\/v2\/product\/54907"}],"collection":[{"href":"https:\/\/rezekne.citro.lv\/ru\/wp-json\/wp\/v2\/product"}],"about":[{"href":"https:\/\/rezekne.citro.lv\/ru\/wp-json\/wp\/v2\/types\/product"}],"wp:featuredmedia":[{"embeddable":true,"href":"https:\/\/rezekne.citro.lv\/ru\/wp-json\/wp\/v2\/media\/54912"}],"wp:attachment":[{"href":"https:\/\/rezekne.citro.lv\/ru\/wp-json\/wp\/v2\/media?parent=54907"}],"wp:term":[{"taxonomy":"product_cat","embeddable":true,"href":"https:\/\/rezekne.citro.lv\/ru\/wp-json\/wp\/v2\/product_cat?post=54907"},{"taxonomy":"product_tag","embeddable":true,"href":"https:\/\/rezekne.citro.lv\/ru\/wp-json\/wp\/v2\/product_tag?post=54907"}],"curies":[{"name":"wp","href":"https:\/\/api.w.org\/{rel}","templated":true}]}}