{"id":55131,"date":"2026-05-07T00:17:28","date_gmt":"2026-05-06T21:17:28","guid":{"rendered":"https:\/\/rezekne.citro.lv\/veikals\/dilmah-teja-pac-zemenu-20x1-5g\/"},"modified":"2026-05-15T06:28:24","modified_gmt":"2026-05-15T03:28:24","slug":"dilmah-teja-pac-zemenu-20x1-5g","status":"publish","type":"product","link":"https:\/\/rezekne.citro.lv\/ru\/product\/dilmah-teja-pac-zemenu-20x1-5g\/","title":{"rendered":"DILMAH T\u0112JA PAC. ZEME\u0145U 20X1.5G"},"content":{"rendered":"<p>Izcelsmes valsts: \u0160rilanka<\/p>\n","protected":false},"excerpt":{"rendered":"<p>58.33 \u20ac\/KG<\/p>\n","protected":false},"featured_media":66818,"template":"","meta":{"_acf_changed":false,"inline_featured_image":false},"product_cat":[142,143],"product_tag":[],"acf":[],"aioseo_notices":[],"_links":{"self":[{"href":"https:\/\/rezekne.citro.lv\/ru\/wp-json\/wp\/v2\/product\/55131"}],"collection":[{"href":"https:\/\/rezekne.citro.lv\/ru\/wp-json\/wp\/v2\/product"}],"about":[{"href":"https:\/\/rezekne.citro.lv\/ru\/wp-json\/wp\/v2\/types\/product"}],"wp:featuredmedia":[{"embeddable":true,"href":"https:\/\/rezekne.citro.lv\/ru\/wp-json\/wp\/v2\/media\/66818"}],"wp:attachment":[{"href":"https:\/\/rezekne.citro.lv\/ru\/wp-json\/wp\/v2\/media?parent=55131"}],"wp:term":[{"taxonomy":"product_cat","embeddable":true,"href":"https:\/\/rezekne.citro.lv\/ru\/wp-json\/wp\/v2\/product_cat?post=55131"},{"taxonomy":"product_tag","embeddable":true,"href":"https:\/\/rezekne.citro.lv\/ru\/wp-json\/wp\/v2\/product_tag?post=55131"}],"curies":[{"name":"wp","href":"https:\/\/api.w.org\/{rel}","templated":true}]}}