{"id":55183,"date":"2024-05-28T00:10:45","date_gmt":"2024-05-27T21:10:45","guid":{"rendered":"https:\/\/rezekne.citro.lv\/veikals\/zekes-viriesu-dark-43-46-12161\/"},"modified":"2026-02-02T15:00:27","modified_gmt":"2026-02-02T13:00:27","slug":"zekes-viriesu-dark-43-46-12161","status":"publish","type":"product","link":"https:\/\/rezekne.citro.lv\/ru\/product\/zekes-viriesu-dark-43-46-12161\/","title":{"rendered":"ZE\u0136ES V\u012aRIE\u0160U DARK 43-46 12161"},"content":{"rendered":"","protected":false},"excerpt":{"rendered":"","protected":false},"featured_media":55216,"template":"","meta":{"_acf_changed":false,"inline_featured_image":false},"product_cat":[131,367],"product_tag":[],"acf":[],"aioseo_notices":[],"_links":{"self":[{"href":"https:\/\/rezekne.citro.lv\/ru\/wp-json\/wp\/v2\/product\/55183"}],"collection":[{"href":"https:\/\/rezekne.citro.lv\/ru\/wp-json\/wp\/v2\/product"}],"about":[{"href":"https:\/\/rezekne.citro.lv\/ru\/wp-json\/wp\/v2\/types\/product"}],"wp:featuredmedia":[{"embeddable":true,"href":"https:\/\/rezekne.citro.lv\/ru\/wp-json\/wp\/v2\/media\/55216"}],"wp:attachment":[{"href":"https:\/\/rezekne.citro.lv\/ru\/wp-json\/wp\/v2\/media?parent=55183"}],"wp:term":[{"taxonomy":"product_cat","embeddable":true,"href":"https:\/\/rezekne.citro.lv\/ru\/wp-json\/wp\/v2\/product_cat?post=55183"},{"taxonomy":"product_tag","embeddable":true,"href":"https:\/\/rezekne.citro.lv\/ru\/wp-json\/wp\/v2\/product_tag?post=55183"}],"curies":[{"name":"wp","href":"https:\/\/api.w.org\/{rel}","templated":true}]}}