{"id":55192,"date":"2026-03-12T00:05:21","date_gmt":"2026-03-11T22:05:21","guid":{"rendered":"https:\/\/rezekne.citro.lv\/veikals\/pupinu-skinka-salati-citro-300g\/"},"modified":"2026-04-14T06:04:10","modified_gmt":"2026-04-14T03:04:10","slug":"pupinu-salati-ar-skinki-citro-300g","status":"publish","type":"product","link":"https:\/\/rezekne.citro.lv\/ru\/product\/pupinu-salati-ar-skinki-citro-300g\/","title":{"rendered":"PUPI\u0145U SAL\u0100TI AR \u0160\u0136I\u0145\u0136I CITRO 300G"},"content":{"rendered":"<p>Izcelsmes valsts: Latvija<br \/>Satur saldin\u0101t\u0101ju.Sast\u0101vda\u013cas: pupi\u0146as v\u0101r\u012btas30%: majon\u0113ze ((saulespu\u0137u e\u013c\u013ca , dzeramais \u016bdens,cukurs,  OLU dzeltenums, v\u0101r\u0101m\u0101 s\u0101ls,emulgators(ciete), sk\u0101buma regul\u0113t\u0101ji (eti\u0137sk\u0101be, citronsk\u0101be),dabiskas izcelsmes stabilizatori(ksant\u0101na sve\u0137i), konservants (k\u0101lija sorb\u0101ts), aromatiz\u0113t\u0101js SINEPES, antioksidants(E385), dabig\u0101 kr\u0101sviela (B- karot\u012bns)): rulete kap\u0101t\u0101 \u0161\u0137i\u0146\u0137a karsti k\u016bpin\u0101ta18%((c\u016bkga\u013ca 58%, \u016bdens,c\u016bkas spe\u0137is, kartupe\u013cu ciete, hidrogin\u0113ts glikozes s\u012brups,ciete, stabilizet\u0101js E451, s\u0101ls,  biezin\u0101t\u0101js E407,  dz\u012bvnieku izcelsmes olbaltumvielas(c\u016bku),saharoze, antioksidanti E316, E301, E300,augu(SOJAS ce\u013cmal\u012btes) \u0161\u0137iedrvielas, SOJAS olbaltumvielu izol\u0101ts, sk\u0101buma regul\u0113t\u0101ji E262, E330, k\u016bpin\u0101\u0161anas aromatiz\u0113t\u0101js, dekstroze, konservants E 251, kr\u0101sviela E120,. Ga\u013cas izejvielas izcelsme ES)): gur\u0137i marin\u0113ti ar saldin\u0101t\u0101ju  (gur\u0137i, \u016bdens,  eti\u0137is, s\u0101ls, gar\u0161vielu ekstrakts satur SINEPES,  saldin\u0101t\u0101js  shar\u012bnsE954):OLAS:puravi:s\u0101ls:gar\u0161vielas(melno piparu ekstrakts 5%, nesejviela dekstroze ):  Uzglab\u0101\u0161anas temperat\u016bra,+2-+6C Inform\u0101cija par uzturv\u0113rt\u012bbu. Inform\u0101cija par uzturv\u0113rt\u012bbu 100 g produkta satur: ener\u0123\u0113tisk\u0101 v\u0113rt\u012bba 1175 kJ \/ 282kcal; tauki 17.3g, tostarp pies\u0101tin\u0101t\u0101s tauksk\u0101bes 2.8g; og\u013chidr\u0101ti 19.5g, tostarp cukuri 1.1g; \u0161\u0137iedrvielas 3.9g; olbaltumvielas 10.1g; s\u0101ls 1g.<\/p>\n","protected":false},"excerpt":{"rendered":"<p>6.97 \u20ac\/KG<\/p>\n","protected":false},"featured_media":61983,"template":"","meta":{"_acf_changed":false,"inline_featured_image":false},"product_cat":[113,212],"product_tag":[],"acf":[],"aioseo_notices":[],"_links":{"self":[{"href":"https:\/\/rezekne.citro.lv\/ru\/wp-json\/wp\/v2\/product\/55192"}],"collection":[{"href":"https:\/\/rezekne.citro.lv\/ru\/wp-json\/wp\/v2\/product"}],"about":[{"href":"https:\/\/rezekne.citro.lv\/ru\/wp-json\/wp\/v2\/types\/product"}],"wp:featuredmedia":[{"embeddable":true,"href":"https:\/\/rezekne.citro.lv\/ru\/wp-json\/wp\/v2\/media\/61983"}],"wp:attachment":[{"href":"https:\/\/rezekne.citro.lv\/ru\/wp-json\/wp\/v2\/media?parent=55192"}],"wp:term":[{"taxonomy":"product_cat","embeddable":true,"href":"https:\/\/rezekne.citro.lv\/ru\/wp-json\/wp\/v2\/product_cat?post=55192"},{"taxonomy":"product_tag","embeddable":true,"href":"https:\/\/rezekne.citro.lv\/ru\/wp-json\/wp\/v2\/product_tag?post=55192"}],"curies":[{"name":"wp","href":"https:\/\/api.w.org\/{rel}","templated":true}]}}