{"id":55194,"date":"2026-02-26T00:31:42","date_gmt":"2026-02-25T22:31:42","guid":{"rendered":"https:\/\/rezekne.citro.lv\/veikals\/pastete-cala-klasiska-kekava-120g\/"},"modified":"2026-04-20T06:04:33","modified_gmt":"2026-04-20T03:04:33","slug":"pastete-cala-klasiska-kekava-120g","status":"publish","type":"product","link":"https:\/\/rezekne.citro.lv\/ru\/product\/pastete-cala-klasiska-kekava-120g\/","title":{"rendered":"PAST\u0112TE C\u0100\u013bA KLASISK\u0100 \u0136EKAVA 120G"},"content":{"rendered":"<p>Izcelsmes valsts: Latvija<\/p>\n","protected":false},"excerpt":{"rendered":"<p>9.92 \u20ac\/KG<\/p>\n","protected":false},"featured_media":55224,"template":"","meta":{"_acf_changed":false,"inline_featured_image":false},"product_cat":[135,174],"product_tag":[],"acf":[],"aioseo_notices":[],"_links":{"self":[{"href":"https:\/\/rezekne.citro.lv\/ru\/wp-json\/wp\/v2\/product\/55194"}],"collection":[{"href":"https:\/\/rezekne.citro.lv\/ru\/wp-json\/wp\/v2\/product"}],"about":[{"href":"https:\/\/rezekne.citro.lv\/ru\/wp-json\/wp\/v2\/types\/product"}],"wp:featuredmedia":[{"embeddable":true,"href":"https:\/\/rezekne.citro.lv\/ru\/wp-json\/wp\/v2\/media\/55224"}],"wp:attachment":[{"href":"https:\/\/rezekne.citro.lv\/ru\/wp-json\/wp\/v2\/media?parent=55194"}],"wp:term":[{"taxonomy":"product_cat","embeddable":true,"href":"https:\/\/rezekne.citro.lv\/ru\/wp-json\/wp\/v2\/product_cat?post=55194"},{"taxonomy":"product_tag","embeddable":true,"href":"https:\/\/rezekne.citro.lv\/ru\/wp-json\/wp\/v2\/product_tag?post=55194"}],"curies":[{"name":"wp","href":"https:\/\/api.w.org\/{rel}","templated":true}]}}