{"id":55202,"date":"2026-02-26T00:31:49","date_gmt":"2026-02-25T22:31:49","guid":{"rendered":"https:\/\/rezekne.citro.lv\/veikals\/krems-apavu-kopsanai-silver-ar-vasku-bezkrasains-50ml\/"},"modified":"2026-04-25T06:04:35","modified_gmt":"2026-04-25T03:04:35","slug":"krems-apavu-kopsanai-silver-ar-vasku-bezkrasains-50ml","status":"publish","type":"product","link":"https:\/\/rezekne.citro.lv\/ru\/product\/krems-apavu-kopsanai-silver-ar-vasku-bezkrasains-50ml\/","title":{"rendered":"KR\u0112MS APAVU KOP\u0160ANAI SILVER AR VASKU, BEZKR\u0100SAINS 50ML"},"content":{"rendered":"","protected":false},"excerpt":{"rendered":"<p>19.80 \u20ac\/L<\/p>\n","protected":false},"featured_media":55229,"template":"","meta":{"_acf_changed":false,"inline_featured_image":false},"product_cat":[131,169],"product_tag":[],"acf":[],"aioseo_notices":[],"_links":{"self":[{"href":"https:\/\/rezekne.citro.lv\/ru\/wp-json\/wp\/v2\/product\/55202"}],"collection":[{"href":"https:\/\/rezekne.citro.lv\/ru\/wp-json\/wp\/v2\/product"}],"about":[{"href":"https:\/\/rezekne.citro.lv\/ru\/wp-json\/wp\/v2\/types\/product"}],"wp:featuredmedia":[{"embeddable":true,"href":"https:\/\/rezekne.citro.lv\/ru\/wp-json\/wp\/v2\/media\/55229"}],"wp:attachment":[{"href":"https:\/\/rezekne.citro.lv\/ru\/wp-json\/wp\/v2\/media?parent=55202"}],"wp:term":[{"taxonomy":"product_cat","embeddable":true,"href":"https:\/\/rezekne.citro.lv\/ru\/wp-json\/wp\/v2\/product_cat?post=55202"},{"taxonomy":"product_tag","embeddable":true,"href":"https:\/\/rezekne.citro.lv\/ru\/wp-json\/wp\/v2\/product_tag?post=55202"}],"curies":[{"name":"wp","href":"https:\/\/api.w.org\/{rel}","templated":true}]}}